{"id":1070,"date":"2025-07-29T13:02:08","date_gmt":"2025-07-29T13:02:08","guid":{"rendered":"https:\/\/pradomuseum.madridtickets.org\/informativa-sulla-privacy\/"},"modified":"2025-11-27T11:22:28","modified_gmt":"2025-11-27T11:22:28","slug":"informativa-sulla-privacy","status":"publish","type":"page","link":"https:\/\/pradomuseum.madridtickets.org\/it\/informativa-sulla-privacy\/","title":{"rendered":"Informativa sulla privacy"},"content":{"rendered":"\t\t<div data-elementor-type=\"wp-page\" data-elementor-id=\"1070\" class=\"elementor elementor-1070 elementor-1032\">\n\t\t\t\t<div class=\"elementor-element elementor-element-3c864910 e-flex e-con-boxed e-con e-parent\" data-id=\"3c864910\" data-element_type=\"container\">\n\t\t\t\t\t<div class=\"e-con-inner\">\n\t\t\t\t<div class=\"elementor-element elementor-element-f9acaf4 elementor-widget elementor-widget-heading\" data-id=\"f9acaf4\" data-element_type=\"widget\" data-widget_type=\"heading.default\">\n\t\t\t\t<div class=\"elementor-widget-container\">\n\t\t\t\t\t<h2 class=\"elementor-heading-title elementor-size-default\">Informativa sulla privacy<\/h2>\t\t\t\t<\/div>\n\t\t\t\t<\/div>\n\t\t\t\t\t<\/div>\n\t\t\t\t<\/div>\n\t\t<div class=\"elementor-element elementor-element-6bd11970 e-flex e-con-boxed e-con e-parent\" data-id=\"6bd11970\" data-element_type=\"container\">\n\t\t\t\t\t<div class=\"e-con-inner\">\n\t\t\t\t<div class=\"elementor-element elementor-element-7ccfd3d9 elementor-widget elementor-widget-text-editor\" data-id=\"7ccfd3d9\" data-element_type=\"widget\" data-widget_type=\"text-editor.default\">\n\t\t\t\t<div class=\"elementor-widget-container\">\n\t\t\t\t\t\t\t\t\t<p><b>1. IDENTIFICAZIONE E DATI DI CONTATTO DEL TITOLARE DEL TRATTAMENTO<\/b><\/p>\n<p><img decoding=\"async\" class=\"alignnone size-full wp-image-389\" src=\"http:\/\/louvremuseum.paristickets.org\/wp-content\/uploads\/2024\/01\/Itcubation-S.R.L.png\" alt=\"\" width=\"254\" height=\"16\">, con Codice Fiscale <img decoding=\"async\" class=\"alignnone size-full wp-image-390\" src=\"http:\/\/louvremuseum.paristickets.org\/wp-content\/uploads\/2024\/01\/NIF-TMS.jpg\" alt=\"\" width=\"111\" height=\"16\">, registrata in Calle Balmes n\u00ba 32, Principal 2\u00aa, C.P. 08007, Barcellona (Spagna) e iscritta al Registro delle Imprese di (Barcellona) al Volume 47314, Pagina 29 (di seguito, il &#8220;Titolare&#8221;), \u00e8 responsabile del trattamento dei dati raccolti o generati a seguito dell&#8217;accesso, dell&#8217;utilizzo e della navigazione da parte degli utenti di www.pradomuseum.madridtickets.org (di seguito, rispettivamente, l'&#8221;Utente&#8221; o gli &#8220;Utenti&#8221; e il &#8220;Sito&#8221; o la &#8220;Rete&#8221;).<\/p>\n<p>Il Titolare informa gli Utenti del Sito Web attraverso la presente informativa sulla privacy (di seguito, l'&#8221;Informativa sulla Privacy&#8221;) in merito al trattamento e alla protezione dei loro dati personali che possono essere raccolti attraverso la navigazione o la contrattazione di servizi sul Sito Web. L&#8217;utilizzo del Sito Web da parte dell&#8217;Utente implica l&#8217;accettazione della presente Informativa sulla Privacy. <\/p>\n<p><b>2. DATI RACCOLTI<\/b><\/p>\n<p>Visitando e navigando in questo Sito web, non vengono registrati automaticamente dati che consentano di identificare gli Utenti per nome. Tuttavia, alcune informazioni vengono raccolte e registrate nei sistemi del Titolare (ad esempio, il tipo di browser internet, il sistema operativo, l&#8217;indirizzo IP da cui si accede al Sito) al fine di migliorare la navigazione dell&#8217;Utente e la gestione del Sito stesso. Allo stesso modo, il Sito Web pu\u00f2 utilizzare cookie e tecnologie simili il cui utilizzo \u00e8 soggetto al consenso degli Utenti in conformit\u00e0 con la Politica sui cookie.  <\/p>\n<p>Fermo restando quanto sopra, per l&#8217;utilizzo di alcuni contenuti o servizi offerti sul Sito, il Titolare potrebbe richiedere all&#8217;Utente alcuni dati personali (ad esempio, nome, cognome, numero di carta d&#8217;identit\u00e0 nazionale o di straniero, indirizzo, numero di telefono, numero di cellulare, indirizzo e-mail, o altri dati forniti dagli Utenti stessi nei campi aperti dei moduli presenti sul Sito); in tal caso, il Titolare fornir\u00e0 all&#8217;Utente le informazioni necessarie prima di procedere al trattamento dei suoi dati.<\/p>\n<p>Nel caso in cui l&#8217;Utente fornisca dati di terzi, l&#8217;Utente dichiara di averne il consenso o una sufficiente legittimazione e si impegna a trasferire all&#8217;interessato, titolare di tali dati, le informazioni contenute nella presente Privacy Policy, esonerando il Titolare da qualsiasi responsabilit\u00e0 in merito. Tuttavia, il Titolare potr\u00e0 effettuare le verifiche necessarie per accertare tale circostanza, adottando le corrispondenti misure di due diligence, in conformit\u00e0 alla normativa applicabile in materia di protezione dei dati. <\/p>\n<p>Allo stesso modo, l&#8217;Utente garantisce di avere pi\u00f9 di diciotto (18) anni e che i dati forniti sono veri, accurati, completi e aggiornati. A tal fine, l&#8217;Utente \u00e8 responsabile della veridicit\u00e0 di tutti i dati forniti e si impegna a mantenere le informazioni fornite adeguatamente aggiornate, in modo che corrispondano alla realt\u00e0. <\/p>\n<p>Infine, l&#8217;Utente sar\u00e0 responsabile di qualsiasi informazione falsa o inesatta fornita attraverso il Sito e di qualsiasi danno, diretto o indiretto, che ci\u00f2 possa causare al Titolare o a terzi.<\/p>\n<p><b>3. OBBLIGO DI FORNIRE I DATI<\/b><\/p>\n<p>I dati richiesti nei moduli presenti sul Sito sono, in generale, obbligatori (se non diversamente specificato nel campo richiesto) al fine di ottemperare alle finalit\u00e0 di cui alla sezione 4 che segue. Pertanto, se tali dati non vengono forniti o non sono corretti o veritieri, il Titolare non potr\u00e0 accettarli. <\/p>\n<p><b>4. FINALIT\u00c0 DEL TRATTAMENTO<\/b><\/p>\n<p>Oltre a gestire le richieste di informazioni e contenuti, o a fornire i servizi espressamente richiesti dagli Utenti o con il loro consenso, il Titolare ha un legittimo interesse a utilizzare le informazioni raccolte o generate per tutti i seguenti scopi:<\/p>\n<ol>\n<li>Per gestire la propria richiesta di contatto con il Titolare attraverso i canali previsti a tal fine sul Sito web.<\/li>\n<li>Per gestire la contrattazione dei servizi svolti nell&#8217;ambito del Sito web, compresa la gestione del pagamento e la rimessa dell&#8217;ordine.<\/li>\n<li>Per migliorare il Sito web, la sua gestione e la sua sicurezza.<\/li>\n<li>Per gestire l&#8217;invio di comunicazioni commerciali relative ai servizi del Titolare, a meno che l&#8217;Utente non indichi diversamente selezionando la casella corrispondente, o dichiari la propria opposizione a tale trattamento.<\/li>\n<li>Inviare comunicazioni commerciali (offerte, promozioni, ecc.) all&#8217;Utente tramite mezzi elettronici e\/o convenzionali, su prodotti e servizi di societ\u00e0 terze con cui il Titolare collabora, a condizione che l&#8217;Utente acconsenta selezionando la casella corrispondente.<\/li>\n<li>Realizzare studi per analizzare la rilevanza e l&#8217;utilizzo del Sito web, comprese le informazioni anonime.<\/li>\n<li>Per gestire le richieste, i reclami e gli incidenti trasferiti attraverso i nostri canali di contatto incorporati nel Sito web.<\/li>\n<li>Per comprendere il comportamento dell&#8217;Utente sul Sito web al fine di individuare eventuali attacchi informatici.<\/li>\n<li>Per rispettare gli obblighi di legge direttamente applicabili e che regolano l&#8217;attivit\u00e0 del Titolare.<\/li>\n<\/ol>\n<p><b>&nbsp;<\/b><\/p>\n<p><b>5. COMUNICAZIONI COMMERCIALI E PUBBLICIT\u00c0<\/b><\/p>\n<p>Una delle finalit\u00e0 per cui il Titolare tratta i dati personali forniti dagli Utenti \u00e8 quella di inviare loro comunicazioni elettroniche con informazioni relative a servizi, promozioni, offerte, eventi o notizie di loro interesse. Ogni volta che viene effettuata una comunicazione di questo tipo, essa sar\u00e0 indirizzata solo ed esclusivamente agli Utenti che non abbiano precedentemente espresso il loro rifiuto a riceverla o che l&#8217;abbiano espressamente autorizzata. <\/p>\n<p>Al fine di svolgere il suddetto compito, il Titolare del trattamento potr\u00e0 analizzare i dati ottenuti al fine di creare profili dell&#8217;Utente che consentano di definire in modo pi\u00f9 dettagliato i servizi che possono essere di interesse per l&#8217;Utente.<\/p>\n<p>Nel caso in cui l&#8217;Utente desideri non ricevere pi\u00f9 comunicazioni commerciali o promozionali da parte del Titolare, la cancellazione dal servizio potr\u00e0 essere richiesta cliccando sull&#8217;apposito link presente nel corpo di tali comunicazioni commerciali o inviando un&#8217;e-mail al seguente indirizzo di posta elettronica: support@madridtickets.org e indicando il proprio rifiuto a riceverle, attraverso l&#8217;apposita casella presente nel modulo di raccolta dati o indicandolo attraverso l&#8217;opzione di cancellazione prevista in ciascuna delle comunicazioni commerciali inviate.<\/p>\n<p><b>6. BASE GIURIDICA E CONSERVAZIONE<\/b><\/p>\n<p>Il trattamento dei dati personali forniti dall&#8217;Utente avviene sulla base delle seguenti basi giuridiche che lo legittimano:<\/p>\n<ol>\n<li>L&#8217;accesso e la navigazione volontaria degli utenti nel Sito web.<\/li>\n<li>Il trattamento dei dati per la contrattazione dei servizi offerti sul Sito \u00e8 necessario per l&#8217;adempimento del rapporto contrattuale tra l&#8217;Utente e il Titolare.<\/li>\n<li>La richiesta di informazioni o di determinati contenuti o servizi da parte degli Utenti.<\/li>\n<li>Rispetto degli obblighi di legge da parte del Titolare.<\/li>\n<li>Il legittimo interesse a migliorare il Sito e la sua sicurezza, nonch\u00e9 a realizzare studi e analisi sul funzionamento e l&#8217;utilizzo del Sito.<\/li>\n<li>Nel caso in cui un Utente acconsenta o se \u00e8 applicabile il legittimo interesse del Titolare, l&#8217;invio di informazioni relative al servizio fornito sul Sito Web.<\/li>\n<\/ol>\n<p>I dati saranno conservati per tutto il tempo in cui sussistono obblighi legali derivanti dai servizi o dai contenuti richiesti dagli Utenti e, successivamente, fino all&#8217;estinzione delle responsabilit\u00e0 legali o contrattuali che ne richiedono la conservazione (ad esempio, fino all&#8217;estinzione della responsabilit\u00e0 derivante dalla normativa sulla protezione dei dati o sulla cybersecurity). Tuttavia, il Titolare del trattamento potr\u00e0 conservare i dati, debitamente bloccati, al fine di adempiere a eventuali responsabilit\u00e0 amministrative o giurisdizionali. <\/p>\n<p><b>7. DIRITTI DELL&#8217;UTENTE<\/b><\/p>\n<p>Gli utenti del Sito possono esercitare i seguenti diritti in qualsiasi momento, nei termini stabiliti dalla normativa vigente:<\/p>\n<ol>\n<li>Il diritto di accesso ai propri dati personali per conoscere il trattamento in corso e le operazioni di trattamento effettuate nei loro confronti.<\/li>\n<li>Il diritto di rettificare eventuali dati personali inesatti.<\/li>\n<li>Il diritto di cancellare i propri dati personali, ove possibile.<\/li>\n<li>Il diritto di richiedere la limitazione del trattamento dei tuoi dati personali qualora l&#8217;accuratezza, la legittimit\u00e0 o la necessit\u00e0 del trattamento dei dati sia in dubbio, nel qual caso i dati possono essere conservati per l&#8217;esercizio o la difesa dei diritti.<\/li>\n<li>Il diritto di trasferire i tuoi dati personali, nella misura in cui la base giuridica che ci consente di trattare i tuoi dati personali come indicato nella tabella precedente \u00e8 il rapporto contrattuale o il consenso.<\/li>\n<li>Il diritto di opporsi al trattamento dei tuoi dati personali, qualora la base giuridica del trattamento dei tuoi dati personali sia un interesse legittimo. Per queste finalit\u00e0, interromperemo il trattamento dei tuoi dati a meno che non abbiamo un interesse legittimo impellente o per la formulazione, l&#8217;esercizio o la difesa di rivendicazioni. <\/li>\n<li>Il diritto di revocare il consenso in qualsiasi momento.<\/li>\n<\/ol>\n<p>Al fine di esercitare efficacemente tali diritti, l&#8217;Utente, scrivendo al seguente indirizzo e-mail: support@madridtickets.org, dovr\u00e0 dimostrare la propria identit\u00e0 fornendo il proprio nome e cognome, una fotocopia della Carta d&#8217;Identit\u00e0 Nazionale o di un documento d&#8217;identit\u00e0 equivalente che ne attesti l&#8217;identit\u00e0, una richiesta che specifichi la richiesta, l&#8217;indirizzo ai fini delle notifiche, nonch\u00e9 la data e la firma del richiedente.<\/p>\n<p>Allo stesso modo, l&#8217;Utente pu\u00f2 presentare un reclamo all&#8217;Agenzia Spagnola per la Protezione dei Dati (Autorit\u00e0 di Controllo competente in materia in Spagna), in particolare quando non \u00e8 stata ottenuta un&#8217;azione soddisfacente nell&#8217;esercizio dei suoi diritti, scrivendo a C\/ Jorge Juan, n\u00ba 6, 28001 &#8211; Madrid, o tramite il sito web: www.agpd.es.<\/p>\n<p><b>8. COCCOLE<\/b><\/p>\n<p>Il Titolare utilizzer\u00e0 dispositivi di archiviazione e recupero dati (&#8220;Cookies&#8221;) solo quando l&#8217;Utente avr\u00e0 dato il proprio consenso preventivo in conformit\u00e0 a quanto indicato nella finestra pop-up del browser dell&#8217;Utente al momento del primo accesso al Sito web e agli altri termini e condizioni indicati nella Politica sui Cookies del Titolare.<\/p>\n<p><b>9. COMUNICAZIONI<\/b><\/p>\n<p>I dati non saranno divulgati a terzi ad eccezione, se del caso, delle autorit\u00e0 competenti nell&#8217;esercizio delle loro funzioni. In via eccezionale, il Sito web pu\u00f2 utilizzare cookie di societ\u00e0 terze in conformit\u00e0 con la Politica sui cookie e con il consenso dell&#8217;Utente. <\/p>\n<p><b>10. MISURE DI SICUREZZA<\/b><\/p>\n<p>Il Titolare adotta le misure necessarie per garantire la sicurezza, l&#8217;integrit\u00e0 e la riservatezza dei dati in conformit\u00e0 alle disposizioni del Regolamento (UE) 2016\/679 del Parlamento europeo e del Consiglio, del 27 aprile 2016, relativo alla protezione delle persone fisiche con riguardo al trattamento dei dati personali, nonch\u00e9 alla libera circolazione di tali dati, e, se non previsto, dalla Legge Organica 3\/2018, del 5 dicembre, sulla protezione dei dati personali e la garanzia dei diritti digitali, dal Regio Decreto 1720\/2007, del 21 dicembre, che approva il Regolamento di attuazione della Legge Organica sulla Protezione dei Dati, e dalla Legge 34\/2002, dell&#8217;11 luglio, sui Servizi della Societ\u00e0 dell&#8217;Informazione e il Commercio Elettronico.<\/p>\n<p>Di conseguenza, il Titolare tratter\u00e0 i dati dell&#8217;Utente in ogni momento in modo assolutamente confidenziale e li manterr\u00e0 segreti, in conformit\u00e0 alle disposizioni della legislazione applicabile, adottando a tal fine le misure tecniche e organizzative necessarie per garantire la sicurezza dei dati e impedirne l&#8217;alterazione, la perdita, il trattamento o l&#8217;accesso non autorizzato, tenendo conto dello stato della tecnologia, della natura dei dati memorizzati e dei rischi a cui sono esposti.<\/p>\n<p><b>11. MODIFICHE ALL&#8217;INFORMATIVA SULLA PRIVACY<\/b><\/p>\n<p>Al fine di garantire che le linee guida del Titolare del trattamento siano sempre conformi ai requisiti legali di volta in volta vigenti, il Titolare del trattamento si riserva il diritto di apportare modifiche alla presente Informativa sulla privacy al fine di conformarsi ai requisiti legali applicabili in qualsiasi momento.<\/p>\t\t\t\t\t\t\t\t<\/div>\n\t\t\t\t<\/div>\n\t\t\t\t\t<\/div>\n\t\t\t\t<\/div>\n\t\t\t\t<\/div>\n\t\t","protected":false},"excerpt":{"rendered":"<p>Informativa sulla privacy 1. IDENTIFICAZIONE E DATI DI CONTATTO DEL TITOLARE DEL TRATTAMENTO , con Codice Fiscale , registrata in Calle Balmes n\u00ba 32, Principal 2\u00aa, C.P. 08007, Barcellona (Spagna) e iscritta al Registro delle Imprese di (Barcellona) al Volume 47314, Pagina 29 (di seguito, il &#8220;Titolare&#8221;), \u00e8 responsabile del trattamento dei dati raccolti o [&hellip;]<\/p>\n","protected":false},"author":1,"featured_media":0,"parent":0,"menu_order":0,"comment_status":"closed","ping_status":"closed","template":"elementor_header_footer","meta":{"footnotes":""},"class_list":["post-1070","page","type-page","status-publish","hentry"],"yoast_head":"<!-- This site is optimized with the Yoast SEO plugin v26.8 - https:\/\/yoast.com\/product\/yoast-seo-wordpress\/ -->\n<title>Informativa sulla privacy | Biglietti e servizi online del Museo del Prado<\/title>\n<meta name=\"description\" content=\"La tua privacy \u00e8 importante. Scopri come raccogliamo, utilizziamo e proteggiamo i tuoi dati personali quando prenoti i biglietti o navighi sul sito web del Museo del Prado.\" \/>\n<meta name=\"robots\" content=\"index, follow, max-snippet:-1, max-image-preview:large, max-video-preview:-1\" \/>\n<link rel=\"canonical\" href=\"https:\/\/pradomuseum.madridtickets.org\/it\/informativa-sulla-privacy\/\" \/>\n<meta property=\"og:locale\" content=\"it_IT\" \/>\n<meta property=\"og:type\" content=\"article\" \/>\n<meta property=\"og:title\" content=\"Informativa sulla privacy | Biglietti e servizi online del Museo del Prado\" \/>\n<meta property=\"og:description\" content=\"La tua privacy \u00e8 importante. Scopri come raccogliamo, utilizziamo e proteggiamo i tuoi dati personali quando prenoti i biglietti o navighi sul sito web del Museo del Prado.\" \/>\n<meta property=\"og:url\" content=\"https:\/\/pradomuseum.madridtickets.org\/it\/informativa-sulla-privacy\/\" \/>\n<meta property=\"og:site_name\" content=\"Prado Museum Tickets\" \/>\n<meta property=\"article:modified_time\" content=\"2025-11-27T11:22:28+00:00\" \/>\n<meta name=\"twitter:card\" content=\"summary_large_image\" \/>\n<meta name=\"twitter:label1\" content=\"Tempo di lettura stimato\" \/>\n\t<meta name=\"twitter:data1\" content=\"9 minuti\" \/>\n<script type=\"application\/ld+json\" class=\"yoast-schema-graph\">{\"@context\":\"https:\/\/schema.org\",\"@graph\":[{\"@type\":\"WebPage\",\"@id\":\"https:\/\/pradomuseum.madridtickets.org\/it\/informativa-sulla-privacy\/\",\"url\":\"https:\/\/pradomuseum.madridtickets.org\/it\/informativa-sulla-privacy\/\",\"name\":\"Informativa sulla privacy | Biglietti e servizi online del Museo del Prado\",\"isPartOf\":{\"@id\":\"https:\/\/pradomuseum.madridtickets.org\/it\/#website\"},\"primaryImageOfPage\":{\"@id\":\"https:\/\/pradomuseum.madridtickets.org\/it\/informativa-sulla-privacy\/#primaryimage\"},\"image\":{\"@id\":\"https:\/\/pradomuseum.madridtickets.org\/it\/informativa-sulla-privacy\/#primaryimage\"},\"thumbnailUrl\":\"http:\/\/louvremuseum.paristickets.org\/wp-content\/uploads\/2024\/01\/Itcubation-S.R.L.png\",\"datePublished\":\"2025-07-29T13:02:08+00:00\",\"dateModified\":\"2025-11-27T11:22:28+00:00\",\"description\":\"La tua privacy \u00e8 importante. Scopri come raccogliamo, utilizziamo e proteggiamo i tuoi dati personali quando prenoti i biglietti o navighi sul sito web del Museo del Prado.\",\"breadcrumb\":{\"@id\":\"https:\/\/pradomuseum.madridtickets.org\/it\/informativa-sulla-privacy\/#breadcrumb\"},\"inLanguage\":\"it-IT\",\"potentialAction\":[{\"@type\":\"ReadAction\",\"target\":[\"https:\/\/pradomuseum.madridtickets.org\/it\/informativa-sulla-privacy\/\"]}]},{\"@type\":\"ImageObject\",\"inLanguage\":\"it-IT\",\"@id\":\"https:\/\/pradomuseum.madridtickets.org\/it\/informativa-sulla-privacy\/#primaryimage\",\"url\":\"http:\/\/louvremuseum.paristickets.org\/wp-content\/uploads\/2024\/01\/Itcubation-S.R.L.png\",\"contentUrl\":\"http:\/\/louvremuseum.paristickets.org\/wp-content\/uploads\/2024\/01\/Itcubation-S.R.L.png\"},{\"@type\":\"BreadcrumbList\",\"@id\":\"https:\/\/pradomuseum.madridtickets.org\/it\/informativa-sulla-privacy\/#breadcrumb\",\"itemListElement\":[{\"@type\":\"ListItem\",\"position\":1,\"name\":\"Home\",\"item\":\"https:\/\/pradomuseum.madridtickets.org\/it\/\"},{\"@type\":\"ListItem\",\"position\":2,\"name\":\"Informativa sulla privacy\"}]},{\"@type\":\"WebSite\",\"@id\":\"https:\/\/pradomuseum.madridtickets.org\/it\/#website\",\"url\":\"https:\/\/pradomuseum.madridtickets.org\/it\/\",\"name\":\"Prado Museum Tickets\",\"description\":\"\",\"publisher\":{\"@id\":\"https:\/\/pradomuseum.madridtickets.org\/it\/#organization\"},\"potentialAction\":[{\"@type\":\"SearchAction\",\"target\":{\"@type\":\"EntryPoint\",\"urlTemplate\":\"https:\/\/pradomuseum.madridtickets.org\/it\/?s={search_term_string}\"},\"query-input\":{\"@type\":\"PropertyValueSpecification\",\"valueRequired\":true,\"valueName\":\"search_term_string\"}}],\"inLanguage\":\"it-IT\"},{\"@type\":\"Organization\",\"@id\":\"https:\/\/pradomuseum.madridtickets.org\/it\/#organization\",\"name\":\"Biglietti per il Museo del Prado\",\"url\":\"https:\/\/pradomuseum.madridtickets.org\/it\/\",\"logo\":{\"@type\":\"ImageObject\",\"inLanguage\":\"it-IT\",\"@id\":\"https:\/\/pradomuseum.madridtickets.org\/it\/#\/schema\/logo\/image\/\",\"url\":\"https:\/\/pradomuseum.madridtickets.org\/wp-content\/uploads\/Prado-Museum-Logo.png\",\"contentUrl\":\"https:\/\/pradomuseum.madridtickets.org\/wp-content\/uploads\/Prado-Museum-Logo.png\",\"width\":340,\"height\":64,\"caption\":\"Biglietti per il Museo del Prado\"},\"image\":{\"@id\":\"https:\/\/pradomuseum.madridtickets.org\/it\/#\/schema\/logo\/image\/\"}}]}<\/script>\n<!-- \/ Yoast SEO plugin. -->","yoast_head_json":{"title":"Informativa sulla privacy | Biglietti e servizi online del Museo del Prado","description":"La tua privacy \u00e8 importante. Scopri come raccogliamo, utilizziamo e proteggiamo i tuoi dati personali quando prenoti i biglietti o navighi sul sito web del Museo del Prado.","robots":{"index":"index","follow":"follow","max-snippet":"max-snippet:-1","max-image-preview":"max-image-preview:large","max-video-preview":"max-video-preview:-1"},"canonical":"https:\/\/pradomuseum.madridtickets.org\/it\/informativa-sulla-privacy\/","og_locale":"it_IT","og_type":"article","og_title":"Informativa sulla privacy | Biglietti e servizi online del Museo del Prado","og_description":"La tua privacy \u00e8 importante. Scopri come raccogliamo, utilizziamo e proteggiamo i tuoi dati personali quando prenoti i biglietti o navighi sul sito web del Museo del Prado.","og_url":"https:\/\/pradomuseum.madridtickets.org\/it\/informativa-sulla-privacy\/","og_site_name":"Prado Museum Tickets","article_modified_time":"2025-11-27T11:22:28+00:00","twitter_card":"summary_large_image","twitter_misc":{"Tempo di lettura stimato":"9 minuti"},"schema":{"@context":"https:\/\/schema.org","@graph":[{"@type":"WebPage","@id":"https:\/\/pradomuseum.madridtickets.org\/it\/informativa-sulla-privacy\/","url":"https:\/\/pradomuseum.madridtickets.org\/it\/informativa-sulla-privacy\/","name":"Informativa sulla privacy | Biglietti e servizi online del Museo del Prado","isPartOf":{"@id":"https:\/\/pradomuseum.madridtickets.org\/it\/#website"},"primaryImageOfPage":{"@id":"https:\/\/pradomuseum.madridtickets.org\/it\/informativa-sulla-privacy\/#primaryimage"},"image":{"@id":"https:\/\/pradomuseum.madridtickets.org\/it\/informativa-sulla-privacy\/#primaryimage"},"thumbnailUrl":"http:\/\/louvremuseum.paristickets.org\/wp-content\/uploads\/2024\/01\/Itcubation-S.R.L.png","datePublished":"2025-07-29T13:02:08+00:00","dateModified":"2025-11-27T11:22:28+00:00","description":"La tua privacy \u00e8 importante. Scopri come raccogliamo, utilizziamo e proteggiamo i tuoi dati personali quando prenoti i biglietti o navighi sul sito web del Museo del Prado.","breadcrumb":{"@id":"https:\/\/pradomuseum.madridtickets.org\/it\/informativa-sulla-privacy\/#breadcrumb"},"inLanguage":"it-IT","potentialAction":[{"@type":"ReadAction","target":["https:\/\/pradomuseum.madridtickets.org\/it\/informativa-sulla-privacy\/"]}]},{"@type":"ImageObject","inLanguage":"it-IT","@id":"https:\/\/pradomuseum.madridtickets.org\/it\/informativa-sulla-privacy\/#primaryimage","url":"http:\/\/louvremuseum.paristickets.org\/wp-content\/uploads\/2024\/01\/Itcubation-S.R.L.png","contentUrl":"http:\/\/louvremuseum.paristickets.org\/wp-content\/uploads\/2024\/01\/Itcubation-S.R.L.png"},{"@type":"BreadcrumbList","@id":"https:\/\/pradomuseum.madridtickets.org\/it\/informativa-sulla-privacy\/#breadcrumb","itemListElement":[{"@type":"ListItem","position":1,"name":"Home","item":"https:\/\/pradomuseum.madridtickets.org\/it\/"},{"@type":"ListItem","position":2,"name":"Informativa sulla privacy"}]},{"@type":"WebSite","@id":"https:\/\/pradomuseum.madridtickets.org\/it\/#website","url":"https:\/\/pradomuseum.madridtickets.org\/it\/","name":"Prado Museum Tickets","description":"","publisher":{"@id":"https:\/\/pradomuseum.madridtickets.org\/it\/#organization"},"potentialAction":[{"@type":"SearchAction","target":{"@type":"EntryPoint","urlTemplate":"https:\/\/pradomuseum.madridtickets.org\/it\/?s={search_term_string}"},"query-input":{"@type":"PropertyValueSpecification","valueRequired":true,"valueName":"search_term_string"}}],"inLanguage":"it-IT"},{"@type":"Organization","@id":"https:\/\/pradomuseum.madridtickets.org\/it\/#organization","name":"Biglietti per il Museo del Prado","url":"https:\/\/pradomuseum.madridtickets.org\/it\/","logo":{"@type":"ImageObject","inLanguage":"it-IT","@id":"https:\/\/pradomuseum.madridtickets.org\/it\/#\/schema\/logo\/image\/","url":"https:\/\/pradomuseum.madridtickets.org\/wp-content\/uploads\/Prado-Museum-Logo.png","contentUrl":"https:\/\/pradomuseum.madridtickets.org\/wp-content\/uploads\/Prado-Museum-Logo.png","width":340,"height":64,"caption":"Biglietti per il Museo del Prado"},"image":{"@id":"https:\/\/pradomuseum.madridtickets.org\/it\/#\/schema\/logo\/image\/"}}]}},"_links":{"self":[{"href":"https:\/\/pradomuseum.madridtickets.org\/it\/wp-json\/wp\/v2\/pages\/1070","targetHints":{"allow":["GET"]}}],"collection":[{"href":"https:\/\/pradomuseum.madridtickets.org\/it\/wp-json\/wp\/v2\/pages"}],"about":[{"href":"https:\/\/pradomuseum.madridtickets.org\/it\/wp-json\/wp\/v2\/types\/page"}],"author":[{"embeddable":true,"href":"https:\/\/pradomuseum.madridtickets.org\/it\/wp-json\/wp\/v2\/users\/1"}],"replies":[{"embeddable":true,"href":"https:\/\/pradomuseum.madridtickets.org\/it\/wp-json\/wp\/v2\/comments?post=1070"}],"version-history":[{"count":4,"href":"https:\/\/pradomuseum.madridtickets.org\/it\/wp-json\/wp\/v2\/pages\/1070\/revisions"}],"predecessor-version":[{"id":1650,"href":"https:\/\/pradomuseum.madridtickets.org\/it\/wp-json\/wp\/v2\/pages\/1070\/revisions\/1650"}],"wp:attachment":[{"href":"https:\/\/pradomuseum.madridtickets.org\/it\/wp-json\/wp\/v2\/media?parent=1070"}],"curies":[{"name":"wp","href":"https:\/\/api.w.org\/{rel}","templated":true}]}}