{"id":1037,"date":"2025-07-29T13:00:42","date_gmt":"2025-07-29T13:00:42","guid":{"rendered":"https:\/\/pradomuseum.madridtickets.org\/informativa-sui-cookie\/"},"modified":"2025-11-27T11:21:58","modified_gmt":"2025-11-27T11:21:58","slug":"informativa-sui-cookie","status":"publish","type":"page","link":"https:\/\/pradomuseum.madridtickets.org\/it\/informativa-sui-cookie\/","title":{"rendered":"Informativa sui cookie"},"content":{"rendered":"\t\t<div data-elementor-type=\"wp-page\" data-elementor-id=\"1037\" class=\"elementor elementor-1037 elementor-997\">\n\t\t\t\t<div class=\"elementor-element elementor-element-5e63bc1f e-flex e-con-boxed e-con e-parent\" data-id=\"5e63bc1f\" data-element_type=\"container\">\n\t\t\t\t\t<div class=\"e-con-inner\">\n\t\t\t\t<div class=\"elementor-element elementor-element-7de68324 elementor-widget elementor-widget-heading\" data-id=\"7de68324\" data-element_type=\"widget\" data-widget_type=\"heading.default\">\n\t\t\t\t<div class=\"elementor-widget-container\">\n\t\t\t\t\t<h2 class=\"elementor-heading-title elementor-size-default\">Informativa sui cookie\n<\/h2>\t\t\t\t<\/div>\n\t\t\t\t<\/div>\n\t\t\t\t\t<\/div>\n\t\t\t\t<\/div>\n\t\t<div class=\"elementor-element elementor-element-15bc9fd4 e-flex e-con-boxed e-con e-parent\" data-id=\"15bc9fd4\" data-element_type=\"container\">\n\t\t\t\t\t<div class=\"e-con-inner\">\n\t\t\t\t<div class=\"elementor-element elementor-element-642f0f34 elementor-widget elementor-widget-text-editor\" data-id=\"642f0f34\" data-element_type=\"widget\" data-widget_type=\"text-editor.default\">\n\t\t\t\t<div class=\"elementor-widget-container\">\n\t\t\t\t\t\t\t\t\t<p><b>1. IDENTIFICAZIONE E DATI DI CONTATTO DEL RESPONSABILE DEL TRATTAMENTO<\/b><\/p>\n<p><img decoding=\"async\" src=\"http:\/\/louvremuseum.paristickets.org\/wp-content\/uploads\/2024\/01\/Itcubation-S.R.L.png\" alt=\"\" width=\"254\" height=\"16\">,numero ID <img decoding=\"async\" src=\"http:\/\/louvremuseum.paristickets.org\/wp-content\/uploads\/2024\/01\/NIF-TMS.jpg\" alt=\"\" width=\"111\" height=\"16\">, con sede in Calle Balmes n\u00ba 32, Principal 2\u00aa, C.P. 08007 Barcellona (Spagna) e iscritta al Registro delle Imprese di (Barcellona) al Volume 47314, Pagina 29 (di seguito, il &#8220;Titolare del trattamento&#8221;), \u00e8 responsabile del trattamento dei dati raccolti o generati a seguito dell&#8217;accesso, dell&#8217;utilizzo e della navigazione da parte degli utenti del sito www.pradomuseum.madridtickets.org (di seguito, rispettivamente, l'&#8221;Utente&#8221; o gli &#8220;Utenti&#8221; e il &#8220;Sito web&#8221; o il &#8220;Web&#8221;) e utilizza i cookie per monitorare le abitudini di navigazione degli Utenti su questo Web, come indicato nella presente informativa sui cookie (di seguito, l'&#8221;Informativa sui cookie&#8221;).<\/p>\n<p><b>2. CONCETTO<\/b><\/p>\n<p>Un cookie \u00e8 un file che viene scaricato sull&#8217;hardware utilizzato dall&#8217;Utente quando accede a determinate pagine web al fine di memorizzare e recuperare informazioni sulla navigazione effettuata dal suo dispositivo. Pertanto, le informazioni raccolte attraverso i cookie ci permettono di ottenere informazioni sulle abitudini di navigazione degli Utenti. <\/p>\n<p><b>3. TIPI DI COOKIE E TRATTAMENTO DEI DATI DA PARTE DEI COOKIE<\/b><\/p>\n<p>Questo Sito web consente esclusivamente l&#8217;utilizzo dei cookie dello strumento Google Analytics di Google, Inc. (di seguito &#8220;Google&#8221;), societ\u00e0 registrata nel Delaware, all&#8217;indirizzo 1600 Amphitheatre Parkway, Mountain View (California), CA 94043, USA, che \u00e8 pertanto la terza parte responsabile dei dati personali.<\/p>\n<p>A questo proposito, Google Analytics cattura le interazioni degli utenti sul Sito (ora della visita, se l&#8217;Utente \u00e8 gi\u00e0 stato sul sito in precedenza, quale sito ha consigliato all&#8217;Utente di visitare il sito in questione, indirizzo IP, ecc.) e non fornisce al Titolare del trattamento alcuna informazione relativa all&#8217;indirizzo IP reale dell&#8217;Utente, ma si limita a fornire informazioni statistiche relative alle visite (singoli visitatori, numero di pagine visualizzate, pagine\/visite, durata media della visita, frequenza di rimbalzo, % di nuove visite, visitatori nuovi e di ritorno, frequenza e visite recenti, interazioni, pagine visitate), ai dati demografici (lingua, paese\/territorio, citt\u00e0), al sistema (browser, sistema operativo, provider di accesso a Internet, categoria di dispositivo), alla fonte\/al mezzo di comunicazione, ecc.<\/p>\n<p><b>4. SCOPO DEI COOKIE<\/b><\/p>\n<p>Lo scopo \u00e8 quello di consentire al Titolare del Trattamento di conoscere le abitudini di navigazione degli Utenti del Sito e di consultare vari report che descrivono l&#8217;interazione degli Utenti che visitano il Sito al fine di migliorarlo. Attraverso queste informazioni, il Titolare del trattamento pu\u00f2 analizzare la navigazione degli Utenti del Sito e Google Analytics riporta anche le tendenze del Sito senza identificare gli Utenti. <\/p>\n<p>D&#8217;altra parte, l&#8217;Utente pu\u00f2 consultare i termini e le condizioni generali di Google all&#8217;indirizzo www.google.com\/analytics\/tos.html e l&#8217;informativa sulla privacy all&#8217;indirizzo www.google.com\/intl\/es\/policies\/privacy.<\/p>\n<p>Tuttavia, il Titolare del trattamento non pu\u00f2 controllare e non \u00e8 responsabile del contenuto e della veridicit\u00e0 dei termini e delle condizioni e delle politiche sulla privacy di Google citati nella presente Informativa sui cookie.<\/p>\n<p><b>5. DISABILITARE I COOKIE<\/b><\/p>\n<p>I visitatori del sito web possono revocare in qualsiasi momento il consenso dato tramite il pulsante in cima alla presente Informativa sui cookie.<\/p>\n<p>In alternativa, puoi anche disabilitare i cookie di Google Analytics, utilizzando i seguenti sistemi:<\/p>\n<ol>\n<li>Il sistema di opt-out di Google Analytics \u00e8 accessibile al seguente link: https:\/\/tools.google.com\/dlpage\/gaoptout?hl=es<\/li>\n<li>Impostazioni del browser; ad esempio:<br>2.1 Chrome, da support.google.com\/chrome\/answer\/95647?hl=en<br>2.2 Explorer, da support.microsoft.com\/en-us\/help\/17442\/windows-internetexplorer-delete-manage-cookies<br>2.3 Firefox, da support.mozilla.org\/kb\/kb\/it\/enable-and-disable-cookies-websites-tracking-preferences 3 Firefox, da support.mozilla.org\/kb\/kb\/en\/enable-and-disable-cookies-websites-tracking-preferences<br>2.4 Safari, da support.apple.com\/en\/guide\/safari\/sfri11471\/mac<\/li>\n<\/ol>\n<p>La disabilitazione dei cookie di Google Analytics non ti impedir\u00e0 di utilizzare questo Sito web. Se cancelli tutti i cookie da questo Sito web, attraverso il tuo browser, cancellerai anche le impostazioni che hai scelto per i nostri cookie. In ogni caso, devi accedere alla versione pi\u00f9 aggiornata di ciascun browser e, nel caso in cui tu utilizzi un browser Internet diverso da quelli precedentemente indicati, ti consigliamo di consultare le diverse opzioni di gestione dei cookie che possono essere disponibili nello stesso in qualsiasi momento.  <\/p>\n<p><b>6. MODIFICHE ALLA POLITICA SUI COOKIE<\/b><\/p>\n<p>Per garantire che le linee guida sui cookie del Titolare del trattamento siano sempre conformi ai requisiti legali in vigore in un determinato momento, il Titolare del trattamento si riserva il diritto di apportare modifiche alla presente Cookie Policy al fine di<\/p>\n<p><b>7. COMUNICAZIONI E TRASFERIMENTI INTERNAZIONALI DI DATI<\/b><\/p>\n<p>I cookie di terze parti utilizzati sul Sito appartengono a Google, con sede negli Stati Uniti, al di fuori dello Spazio Economico Europeo. Google \u00e8 firmataria del Privacy Shield Framework UE-USA. <\/p>\n<p>I dati non saranno comunicati a terzi, salvo quanto previsto dalla suddetta informativa sulla privacy di Google.<\/p>\n<p><b>8. POLITICA SULLA PRIVACY<\/b><\/p>\n<p>Per maggiori informazioni sul trattamento dei dati personali, leggi la nostra Informativa sulla Privacy.<\/p>\n<p><b>9. DIRITTI DELL&#8217;UTENTE<\/b><\/p>\n<p>L&#8217;Utente pu\u00f2 esercitare i diritti di accesso, rettifica, cancellazione, opposizione, limitazione del trattamento e portabilit\u00e0, ove applicabili, nonch\u00e9 revocare il proprio consenso, relativamente ai trattamenti di cui \u00e8 responsabile il Titolare del trattamento. Per l&#8217;esercizio effettivo di tali diritti, l&#8217;Utente deve presentare la richiesta per iscritto al seguente indirizzo e-mail: support@madridtickets.org, e dimostrare la propria identit\u00e0 fornendo il proprio nome e cognome, una fotocopia della carta d&#8217;identit\u00e0 nazionale o di un documento d&#8217;identit\u00e0 equivalente che ne attesti l&#8217;identit\u00e0, una petizione che specifichi la richiesta, l&#8217;indirizzo per le notifiche, la data e la firma del richiedente. <\/p>\n<p>Per l&#8217;esercizio dei diritti nei confronti di Google, l&#8217;utente deve fare riferimento alle disposizioni della sua politica sulla privacy indicate sopra.<\/p>\n<p>Allo stesso modo, l&#8217;Utente pu\u00f2 presentare un reclamo presso l&#8217;Agenzia Spagnola per la Protezione dei Dati (Autorit\u00e0 di Controllo competente in materia in Spagna), in particolare quando l&#8217;esercizio dei suoi diritti \u00e8 stato insoddisfacente, per iscritto, all&#8217;indirizzo C\/ Jorge Juan, n\u00ba 6, 28001 &#8211; Madrid, o tramite il sito web: www.agpd.es.<\/p>\t\t\t\t\t\t\t\t<\/div>\n\t\t\t\t<\/div>\n\t\t\t\t\t<\/div>\n\t\t\t\t<\/div>\n\t\t\t\t<\/div>\n\t\t","protected":false},"excerpt":{"rendered":"<p>Informativa sui cookie 1. IDENTIFICAZIONE E DATI DI CONTATTO DEL RESPONSABILE DEL TRATTAMENTO ,numero ID , con sede in Calle Balmes n\u00ba 32, Principal 2\u00aa, C.P. 08007 Barcellona (Spagna) e iscritta al Registro delle Imprese di (Barcellona) al Volume 47314, Pagina 29 (di seguito, il &#8220;Titolare del trattamento&#8221;), \u00e8 responsabile del trattamento dei dati raccolti [&hellip;]<\/p>\n","protected":false},"author":1,"featured_media":0,"parent":0,"menu_order":0,"comment_status":"closed","ping_status":"closed","template":"elementor_header_footer","meta":{"footnotes":""},"class_list":["post-1037","page","type-page","status-publish","hentry"],"yoast_head":"<!-- This site is optimized with the Yoast SEO plugin v26.8 - https:\/\/yoast.com\/product\/yoast-seo-wordpress\/ -->\n<title>Informativa sui cookie | Sito di biglietteria del Museo del Prado<\/title>\n<meta name=\"description\" content=\"Scopri come utilizziamo i cookie per migliorare la tua esperienza sul sito web del Museo del Prado. Leggi la nostra politica sull&#039;utilizzo dei dati, sulle preferenze e sui servizi di terze parti.\" \/>\n<meta name=\"robots\" content=\"index, follow, max-snippet:-1, max-image-preview:large, max-video-preview:-1\" \/>\n<link rel=\"canonical\" href=\"https:\/\/pradomuseum.madridtickets.org\/it\/informativa-sui-cookie\/\" \/>\n<meta property=\"og:locale\" content=\"it_IT\" \/>\n<meta property=\"og:type\" content=\"article\" \/>\n<meta property=\"og:title\" content=\"Informativa sui cookie | Sito di biglietteria del Museo del Prado\" \/>\n<meta property=\"og:description\" content=\"Scopri come utilizziamo i cookie per migliorare la tua esperienza sul sito web del Museo del Prado. Leggi la nostra politica sull&#039;utilizzo dei dati, sulle preferenze e sui servizi di terze parti.\" \/>\n<meta property=\"og:url\" content=\"https:\/\/pradomuseum.madridtickets.org\/it\/informativa-sui-cookie\/\" \/>\n<meta property=\"og:site_name\" content=\"Prado Museum Tickets\" \/>\n<meta property=\"article:modified_time\" content=\"2025-11-27T11:21:58+00:00\" \/>\n<meta property=\"og:image\" content=\"http:\/\/louvremuseum.paristickets.org\/wp-content\/uploads\/2024\/01\/Itcubation-S.R.L.png\" \/>\n<meta name=\"twitter:card\" content=\"summary_large_image\" \/>\n<meta name=\"twitter:label1\" content=\"Tempo di lettura stimato\" \/>\n\t<meta name=\"twitter:data1\" content=\"5 minuti\" \/>\n<script type=\"application\/ld+json\" class=\"yoast-schema-graph\">{\"@context\":\"https:\/\/schema.org\",\"@graph\":[{\"@type\":\"WebPage\",\"@id\":\"https:\/\/pradomuseum.madridtickets.org\/it\/informativa-sui-cookie\/\",\"url\":\"https:\/\/pradomuseum.madridtickets.org\/it\/informativa-sui-cookie\/\",\"name\":\"Informativa sui cookie | Sito di biglietteria del Museo del Prado\",\"isPartOf\":{\"@id\":\"https:\/\/pradomuseum.madridtickets.org\/it\/#website\"},\"primaryImageOfPage\":{\"@id\":\"https:\/\/pradomuseum.madridtickets.org\/it\/informativa-sui-cookie\/#primaryimage\"},\"image\":{\"@id\":\"https:\/\/pradomuseum.madridtickets.org\/it\/informativa-sui-cookie\/#primaryimage\"},\"thumbnailUrl\":\"http:\/\/louvremuseum.paristickets.org\/wp-content\/uploads\/2024\/01\/Itcubation-S.R.L.png\",\"datePublished\":\"2025-07-29T13:00:42+00:00\",\"dateModified\":\"2025-11-27T11:21:58+00:00\",\"description\":\"Scopri come utilizziamo i cookie per migliorare la tua esperienza sul sito web del Museo del Prado. Leggi la nostra politica sull'utilizzo dei dati, sulle preferenze e sui servizi di terze parti.\",\"breadcrumb\":{\"@id\":\"https:\/\/pradomuseum.madridtickets.org\/it\/informativa-sui-cookie\/#breadcrumb\"},\"inLanguage\":\"it-IT\",\"potentialAction\":[{\"@type\":\"ReadAction\",\"target\":[\"https:\/\/pradomuseum.madridtickets.org\/it\/informativa-sui-cookie\/\"]}]},{\"@type\":\"ImageObject\",\"inLanguage\":\"it-IT\",\"@id\":\"https:\/\/pradomuseum.madridtickets.org\/it\/informativa-sui-cookie\/#primaryimage\",\"url\":\"http:\/\/louvremuseum.paristickets.org\/wp-content\/uploads\/2024\/01\/Itcubation-S.R.L.png\",\"contentUrl\":\"http:\/\/louvremuseum.paristickets.org\/wp-content\/uploads\/2024\/01\/Itcubation-S.R.L.png\"},{\"@type\":\"BreadcrumbList\",\"@id\":\"https:\/\/pradomuseum.madridtickets.org\/it\/informativa-sui-cookie\/#breadcrumb\",\"itemListElement\":[{\"@type\":\"ListItem\",\"position\":1,\"name\":\"Home\",\"item\":\"https:\/\/pradomuseum.madridtickets.org\/it\/\"},{\"@type\":\"ListItem\",\"position\":2,\"name\":\"Informativa sui cookie\"}]},{\"@type\":\"WebSite\",\"@id\":\"https:\/\/pradomuseum.madridtickets.org\/it\/#website\",\"url\":\"https:\/\/pradomuseum.madridtickets.org\/it\/\",\"name\":\"Prado Museum Tickets\",\"description\":\"\",\"publisher\":{\"@id\":\"https:\/\/pradomuseum.madridtickets.org\/it\/#organization\"},\"potentialAction\":[{\"@type\":\"SearchAction\",\"target\":{\"@type\":\"EntryPoint\",\"urlTemplate\":\"https:\/\/pradomuseum.madridtickets.org\/it\/?s={search_term_string}\"},\"query-input\":{\"@type\":\"PropertyValueSpecification\",\"valueRequired\":true,\"valueName\":\"search_term_string\"}}],\"inLanguage\":\"it-IT\"},{\"@type\":\"Organization\",\"@id\":\"https:\/\/pradomuseum.madridtickets.org\/it\/#organization\",\"name\":\"Biglietti per il Museo del Prado\",\"url\":\"https:\/\/pradomuseum.madridtickets.org\/it\/\",\"logo\":{\"@type\":\"ImageObject\",\"inLanguage\":\"it-IT\",\"@id\":\"https:\/\/pradomuseum.madridtickets.org\/it\/#\/schema\/logo\/image\/\",\"url\":\"https:\/\/pradomuseum.madridtickets.org\/wp-content\/uploads\/Prado-Museum-Logo.png\",\"contentUrl\":\"https:\/\/pradomuseum.madridtickets.org\/wp-content\/uploads\/Prado-Museum-Logo.png\",\"width\":340,\"height\":64,\"caption\":\"Biglietti per il Museo del Prado\"},\"image\":{\"@id\":\"https:\/\/pradomuseum.madridtickets.org\/it\/#\/schema\/logo\/image\/\"}}]}<\/script>\n<!-- \/ Yoast SEO plugin. -->","yoast_head_json":{"title":"Informativa sui cookie | Sito di biglietteria del Museo del Prado","description":"Scopri come utilizziamo i cookie per migliorare la tua esperienza sul sito web del Museo del Prado. Leggi la nostra politica sull'utilizzo dei dati, sulle preferenze e sui servizi di terze parti.","robots":{"index":"index","follow":"follow","max-snippet":"max-snippet:-1","max-image-preview":"max-image-preview:large","max-video-preview":"max-video-preview:-1"},"canonical":"https:\/\/pradomuseum.madridtickets.org\/it\/informativa-sui-cookie\/","og_locale":"it_IT","og_type":"article","og_title":"Informativa sui cookie | Sito di biglietteria del Museo del Prado","og_description":"Scopri come utilizziamo i cookie per migliorare la tua esperienza sul sito web del Museo del Prado. Leggi la nostra politica sull'utilizzo dei dati, sulle preferenze e sui servizi di terze parti.","og_url":"https:\/\/pradomuseum.madridtickets.org\/it\/informativa-sui-cookie\/","og_site_name":"Prado Museum Tickets","article_modified_time":"2025-11-27T11:21:58+00:00","og_image":[{"url":"http:\/\/louvremuseum.paristickets.org\/wp-content\/uploads\/2024\/01\/Itcubation-S.R.L.png","type":"","width":"","height":""}],"twitter_card":"summary_large_image","twitter_misc":{"Tempo di lettura stimato":"5 minuti"},"schema":{"@context":"https:\/\/schema.org","@graph":[{"@type":"WebPage","@id":"https:\/\/pradomuseum.madridtickets.org\/it\/informativa-sui-cookie\/","url":"https:\/\/pradomuseum.madridtickets.org\/it\/informativa-sui-cookie\/","name":"Informativa sui cookie | Sito di biglietteria del Museo del Prado","isPartOf":{"@id":"https:\/\/pradomuseum.madridtickets.org\/it\/#website"},"primaryImageOfPage":{"@id":"https:\/\/pradomuseum.madridtickets.org\/it\/informativa-sui-cookie\/#primaryimage"},"image":{"@id":"https:\/\/pradomuseum.madridtickets.org\/it\/informativa-sui-cookie\/#primaryimage"},"thumbnailUrl":"http:\/\/louvremuseum.paristickets.org\/wp-content\/uploads\/2024\/01\/Itcubation-S.R.L.png","datePublished":"2025-07-29T13:00:42+00:00","dateModified":"2025-11-27T11:21:58+00:00","description":"Scopri come utilizziamo i cookie per migliorare la tua esperienza sul sito web del Museo del Prado. Leggi la nostra politica sull'utilizzo dei dati, sulle preferenze e sui servizi di terze parti.","breadcrumb":{"@id":"https:\/\/pradomuseum.madridtickets.org\/it\/informativa-sui-cookie\/#breadcrumb"},"inLanguage":"it-IT","potentialAction":[{"@type":"ReadAction","target":["https:\/\/pradomuseum.madridtickets.org\/it\/informativa-sui-cookie\/"]}]},{"@type":"ImageObject","inLanguage":"it-IT","@id":"https:\/\/pradomuseum.madridtickets.org\/it\/informativa-sui-cookie\/#primaryimage","url":"http:\/\/louvremuseum.paristickets.org\/wp-content\/uploads\/2024\/01\/Itcubation-S.R.L.png","contentUrl":"http:\/\/louvremuseum.paristickets.org\/wp-content\/uploads\/2024\/01\/Itcubation-S.R.L.png"},{"@type":"BreadcrumbList","@id":"https:\/\/pradomuseum.madridtickets.org\/it\/informativa-sui-cookie\/#breadcrumb","itemListElement":[{"@type":"ListItem","position":1,"name":"Home","item":"https:\/\/pradomuseum.madridtickets.org\/it\/"},{"@type":"ListItem","position":2,"name":"Informativa sui cookie"}]},{"@type":"WebSite","@id":"https:\/\/pradomuseum.madridtickets.org\/it\/#website","url":"https:\/\/pradomuseum.madridtickets.org\/it\/","name":"Prado Museum Tickets","description":"","publisher":{"@id":"https:\/\/pradomuseum.madridtickets.org\/it\/#organization"},"potentialAction":[{"@type":"SearchAction","target":{"@type":"EntryPoint","urlTemplate":"https:\/\/pradomuseum.madridtickets.org\/it\/?s={search_term_string}"},"query-input":{"@type":"PropertyValueSpecification","valueRequired":true,"valueName":"search_term_string"}}],"inLanguage":"it-IT"},{"@type":"Organization","@id":"https:\/\/pradomuseum.madridtickets.org\/it\/#organization","name":"Biglietti per il Museo del Prado","url":"https:\/\/pradomuseum.madridtickets.org\/it\/","logo":{"@type":"ImageObject","inLanguage":"it-IT","@id":"https:\/\/pradomuseum.madridtickets.org\/it\/#\/schema\/logo\/image\/","url":"https:\/\/pradomuseum.madridtickets.org\/wp-content\/uploads\/Prado-Museum-Logo.png","contentUrl":"https:\/\/pradomuseum.madridtickets.org\/wp-content\/uploads\/Prado-Museum-Logo.png","width":340,"height":64,"caption":"Biglietti per il Museo del Prado"},"image":{"@id":"https:\/\/pradomuseum.madridtickets.org\/it\/#\/schema\/logo\/image\/"}}]}},"_links":{"self":[{"href":"https:\/\/pradomuseum.madridtickets.org\/it\/wp-json\/wp\/v2\/pages\/1037","targetHints":{"allow":["GET"]}}],"collection":[{"href":"https:\/\/pradomuseum.madridtickets.org\/it\/wp-json\/wp\/v2\/pages"}],"about":[{"href":"https:\/\/pradomuseum.madridtickets.org\/it\/wp-json\/wp\/v2\/types\/page"}],"author":[{"embeddable":true,"href":"https:\/\/pradomuseum.madridtickets.org\/it\/wp-json\/wp\/v2\/users\/1"}],"replies":[{"embeddable":true,"href":"https:\/\/pradomuseum.madridtickets.org\/it\/wp-json\/wp\/v2\/comments?post=1037"}],"version-history":[{"count":4,"href":"https:\/\/pradomuseum.madridtickets.org\/it\/wp-json\/wp\/v2\/pages\/1037\/revisions"}],"predecessor-version":[{"id":1643,"href":"https:\/\/pradomuseum.madridtickets.org\/it\/wp-json\/wp\/v2\/pages\/1037\/revisions\/1643"}],"wp:attachment":[{"href":"https:\/\/pradomuseum.madridtickets.org\/it\/wp-json\/wp\/v2\/media?parent=1037"}],"curies":[{"name":"wp","href":"https:\/\/api.w.org\/{rel}","templated":true}]}}