{"id":1041,"date":"2025-07-29T13:00:42","date_gmt":"2025-07-29T13:00:42","guid":{"rendered":"https:\/\/pradomuseum.madridtickets.org\/politique-en-matiere-de-cookies\/"},"modified":"2025-11-27T11:21:56","modified_gmt":"2025-11-27T11:21:56","slug":"politique-en-matiere-de-cookies","status":"publish","type":"page","link":"https:\/\/pradomuseum.madridtickets.org\/fr\/politique-en-matiere-de-cookies\/","title":{"rendered":"Politique en mati\u00e8re de cookies"},"content":{"rendered":"\t\t<div data-elementor-type=\"wp-page\" data-elementor-id=\"1041\" class=\"elementor elementor-1041 elementor-997\">\n\t\t\t\t<div class=\"elementor-element elementor-element-5e63bc1f e-flex e-con-boxed e-con e-parent\" data-id=\"5e63bc1f\" data-element_type=\"container\">\n\t\t\t\t\t<div class=\"e-con-inner\">\n\t\t\t\t<div class=\"elementor-element elementor-element-7de68324 elementor-widget elementor-widget-heading\" data-id=\"7de68324\" data-element_type=\"widget\" data-widget_type=\"heading.default\">\n\t\t\t\t<div class=\"elementor-widget-container\">\n\t\t\t\t\t<h2 class=\"elementor-heading-title elementor-size-default\">Politique en mati\u00e8re de cookies\n<\/h2>\t\t\t\t<\/div>\n\t\t\t\t<\/div>\n\t\t\t\t\t<\/div>\n\t\t\t\t<\/div>\n\t\t<div class=\"elementor-element elementor-element-15bc9fd4 e-flex e-con-boxed e-con e-parent\" data-id=\"15bc9fd4\" data-element_type=\"container\">\n\t\t\t\t\t<div class=\"e-con-inner\">\n\t\t\t\t<div class=\"elementor-element elementor-element-642f0f34 elementor-widget elementor-widget-text-editor\" data-id=\"642f0f34\" data-element_type=\"widget\" data-widget_type=\"text-editor.default\">\n\t\t\t\t<div class=\"elementor-widget-container\">\n\t\t\t\t\t\t\t\t\t<p><b>1. IDENTIFICATION ET COORDONN\u00c9ES DU RESPONSABLE DU TRAITEMENT<\/b><\/p>\n<p><img decoding=\"async\" src=\"http:\/\/louvremuseum.paristickets.org\/wp-content\/uploads\/2024\/01\/Itcubation-S.R.L.png\" alt=\"\" width=\"254\" height=\"16\"><img decoding=\"async\" src=\"http:\/\/louvremuseum.paristickets.org\/wp-content\/uploads\/2024\/01\/NIF-TMS.jpg\" alt=\"\" width=\"111\" height=\"16\">Le responsable du traitement des donn\u00e9es collect\u00e9es ou g\u00e9n\u00e9r\u00e9es par l&rsquo;acc\u00e8s, l&rsquo;utilisation et la navigation des utilisateurs du site www. pradomuseum.madridtickets.org (ci-apr\u00e8s, l'\u00a0\u00bb Utilisateur \u00a0\u00bb ou les \u00a0\u00bb Utilisateurs \u00a0\u00bb et le \u00a0\u00bb Site \u00a0\u00bb ou le \u00a0\u00bb Web \u00a0\u00bb respectivement), est le responsable du traitement des donn\u00e9es collect\u00e9es ou g\u00e9n\u00e9r\u00e9es par l&rsquo;acc\u00e8s, l&rsquo;utilisation et la navigation des utilisateurs du site www. pradomuseum.madridtickets.org (ci-apr\u00e8s, l'\u00a0\u00bb Utilisateur \u00a0\u00bb ou les \u00a0\u00bb Utilisateurs \u00a0\u00bb et le \u00a0\u00bb Site \u00a0\u00bb ou le \u00a0\u00bb Web \u00a0\u00bb respectivement).pradomuseum.madridtickets.org (ci-apr\u00e8s, l'\u00a0\u00bb Utilisateur \u00a0\u00bb ou les \u00a0\u00bb Utilisateurs \u00a0\u00bb et le \u00a0\u00bb Site Web \u00a0\u00bb ou la \u00a0\u00bb Toile \u00a0\u00bb respectivement), et utilise des cookies afin de contr\u00f4ler les habitudes de navigation des Utilisateurs sur cette Toile, comme indiqu\u00e9 dans la pr\u00e9sente politique de cookies (ci-apr\u00e8s, la \u00a0\u00bb Politique de cookies \u00ab\u00a0).<\/p>\n<p><b>2. CONCEPT<\/b><\/p>\n<p>Un cookie est un fichier qui est t\u00e9l\u00e9charg\u00e9 sur le mat\u00e9riel utilis\u00e9 par l&rsquo;utilisateur lorsqu&rsquo;il acc\u00e8de \u00e0 certaines pages web afin de stocker et de r\u00e9cup\u00e9rer des informations sur la navigation effectu\u00e9e \u00e0 partir de son appareil. Ainsi, les informations collect\u00e9es par le biais des cookies nous permettent d&rsquo;obtenir des informations sur les habitudes de navigation des utilisateurs. <\/p>\n<p><b>3. TYPES DE COOKIES ET TRAITEMENT DES DONN\u00c9ES PAR LES COOKIES<\/b><\/p>\n<p>Ce site Internet autorise uniquement l&rsquo;utilisation de cookies de l&rsquo;outil Google Analytics appartenant \u00e0 Google, Inc. (ci-apr\u00e8s \u00a0\u00bb Google \u00ab\u00a0), soci\u00e9t\u00e9 enregistr\u00e9e dans le Delaware, sise 1600 Amphitheatre Parkway, Mountain View (California), CA 94043, USA, qui est donc le tiers responsable des donn\u00e9es personnelles.<\/p>\n<p>\u00c0 cet \u00e9gard, Google Analytics capture les interactions des utilisateurs sur le site Web (heure de la visite, si l&rsquo;utilisateur a d\u00e9j\u00e0 visit\u00e9 le site auparavant, quel site a recommand\u00e9 \u00e0 l&rsquo;utilisateur de visiter le site Web en question, l&rsquo;adresse IP, etc.) et ne fournit au responsable du traitement aucune information concernant l&rsquo;adresse IP r\u00e9elle de l&rsquo;utilisateur, mais uniquement des informations statistiques sur les visites (visiteurs uniques, nombre de pages consult\u00e9es, page\/vue, dur\u00e9e moyenne de la visite, taux de rebond, % de nouvelles visites, nouveaux visiteurs et visiteurs de retour, fr\u00e9quence et visites r\u00e9centes, interactions, pages visit\u00e9es), les donn\u00e9es d\u00e9mographiques (langue, pays\/territoire, ville), le syst\u00e8me (navigateur, syst\u00e8me d&rsquo;exploitation, fournisseur d&rsquo;acc\u00e8s \u00e0 Internet, cat\u00e9gorie d&rsquo;appareil), la source\/le support, etc.<\/p>\n<p><b>4. OBJECTIF DES COOKIES<\/b><\/p>\n<p>L&rsquo;objectif est que le responsable du traitement des donn\u00e9es puisse conna\u00eetre les habitudes de navigation des utilisateurs du site Web et consulter divers rapports d\u00e9crivant l&rsquo;interaction des utilisateurs qui visitent le site Web dans le but de l&rsquo;am\u00e9liorer. Gr\u00e2ce \u00e0 ces informations, le responsable du traitement peut analyser la navigation des utilisateurs du site, et Google Analytics rapporte \u00e9galement les tendances du site sans identifier ses utilisateurs. <\/p>\n<p>Par ailleurs, l&rsquo;utilisateur peut consulter les conditions g\u00e9n\u00e9rales de Google \u00e0 l&rsquo;adresse www.google.com\/analytics\/tos.html et sa politique de confidentialit\u00e9 \u00e0 l&rsquo;adresse www.google.com\/intl\/es\/policies\/privacy.<\/p>\n<p>Cependant, le contr\u00f4leur des donn\u00e9es ne peut pas contr\u00f4ler et n&rsquo;est pas responsable du contenu et de la v\u00e9racit\u00e9 des conditions g\u00e9n\u00e9rales et des politiques de confidentialit\u00e9 de Google r\u00e9f\u00e9renc\u00e9es dans la pr\u00e9sente politique en mati\u00e8re de cookies.<\/p>\n<p><b>5. D\u00c9SACTIVATION DES COOKIES<\/b><\/p>\n<p>Les visiteurs du site web peuvent \u00e0 tout moment r\u00e9voquer le consentement donn\u00e9 en cliquant sur le bouton situ\u00e9 en haut de la pr\u00e9sente politique en mati\u00e8re de cookies.<\/p>\n<p>Vous pouvez \u00e9galement d\u00e9sactiver les cookies de Google Analytics en utilisant les syst\u00e8mes suivants :<\/p>\n<ol>\n<li>Le syst\u00e8me de d\u00e9sactivation de Google Analytics est accessible \u00e0 partir du lien suivant : https:\/\/tools.google.com\/dlpage\/gaoptout?hl=es<\/li>\n<li>Param\u00e8tres du navigateur ; par exemple :<br>2.1 Chrome, \u00e0 partir de support.google.com\/chrome\/answer\/95647?hl=fr<br>2.2 Explorer, \u00e0 partir de support.microsoft.com\/en-us\/help\/17442\/windows-internetexplorer-delete-manage-cookies<br>2.3 Firefox, \u00e0 partir de support.mozilla.org\/kb\/kb\/en\/fr\/enable-and-disable-cookies-websites-tracking-preferences<br>2.4 Safari, \u00e0 partir de support.apple.com\/en\/en\/guide\/safari\/sfri11471\/mac<\/li>\n<\/ol>\n<p>La d\u00e9sactivation des cookies de Google Analytics ne vous emp\u00eachera pas d&rsquo;utiliser ce site Web. Si vous supprimez tous les cookies de ce site Web, par le biais de votre navigateur, vous supprimerez \u00e9galement les param\u00e8tres que vous avez choisis pour nos cookies. Dans tous les cas, vous devez acc\u00e9der \u00e0 la version la plus r\u00e9cente de chaque navigateur, et dans le cas o\u00f9 vous utilisez un autre navigateur Internet que ceux indiqu\u00e9s pr\u00e9c\u00e9demment, nous vous recommandons de consulter les diff\u00e9rentes options de gestion des cookies qui peuvent \u00eatre disponibles dans le m\u00eame \u00e0 tout moment.  <\/p>\n<p><b>6. MODIFICATIONS DE LA POLITIQUE EN MATI\u00c8RE DE COOKIES<\/b><\/p>\n<p>Afin de s&rsquo;assurer que les directives du contr\u00f4leur des donn\u00e9es en mati\u00e8re de cookies sont toujours conformes aux exigences l\u00e9gales en vigueur \u00e0 un moment donn\u00e9, le contr\u00f4leur des donn\u00e9es se r\u00e9serve le droit d&rsquo;apporter des modifications \u00e0 la pr\u00e9sente politique en mati\u00e8re de cookies afin de<\/p>\n<p><b>7. COMMUNICATIONS ET TRANSFERTS INTERNATIONAUX DE DONN\u00c9ES<\/b><\/p>\n<p>Les cookies tiers utilis\u00e9s sur le site Web appartiennent \u00e0 Google, situ\u00e9 aux \u00c9tats-Unis, en dehors de l&rsquo;Espace \u00e9conomique europ\u00e9en. Google est signataire du cadre du bouclier de protection de la vie priv\u00e9e UE-\u00c9tats-Unis. <\/p>\n<p>Les donn\u00e9es ne seront pas communiqu\u00e9es \u00e0 des tiers, sauf dans les cas pr\u00e9vus par la politique de confidentialit\u00e9 susmentionn\u00e9e de Google.<\/p>\n<p><b>8. POLITIQUE EN MATI\u00c8RE DE PROTECTION DE LA VIE PRIV\u00c9E<\/b><\/p>\n<p>Veuillez lire notre politique de confidentialit\u00e9 pour plus d&rsquo;informations sur le traitement des donn\u00e9es personnelles.<\/p>\n<p><b>9. DROITS DE L&rsquo;UTILISATEUR<\/b><\/p>\n<p>L&rsquo;utilisateur peut exercer les droits d&rsquo;acc\u00e8s, de rectification, d&rsquo;effacement, d&rsquo;opposition, de limitation du traitement et de portabilit\u00e9, le cas \u00e9ch\u00e9ant, ainsi que r\u00e9voquer son consentement, en ce qui concerne le traitement dont le responsable du traitement est charg\u00e9. Pour l&rsquo;exercice effectif de ces droits, l&rsquo;utilisateur doit pr\u00e9senter sa demande par \u00e9crit \u00e0 l&rsquo;adresse \u00e9lectronique suivante : support@madridtickets.org, et prouver son identit\u00e9 en fournissant ses nom et pr\u00e9nom(s), une photocopie de sa carte nationale d&rsquo;identit\u00e9 ou d&rsquo;un document d&rsquo;identification \u00e9quivalent prouvant son identit\u00e9, une p\u00e9tition sp\u00e9cifiant la demande, l&rsquo;adresse aux fins de notifications, ainsi que la date et la signature du demandeur. <\/p>\n<p>Pour l&rsquo;exercice des droits \u00e0 l&rsquo;encontre de Google, vous devez vous r\u00e9f\u00e9rer aux dispositions de sa politique de confidentialit\u00e9 indiqu\u00e9e ci-dessus.<\/p>\n<p>De m\u00eame, l&rsquo;utilisateur peut d\u00e9poser une plainte aupr\u00e8s de l&rsquo;Agence espagnole de protection des donn\u00e9es (autorit\u00e9 de contr\u00f4le comp\u00e9tente en la mati\u00e8re en Espagne), en particulier lorsque l&rsquo;exercice de ses droits n&rsquo;a pas \u00e9t\u00e9 satisfaisant, par \u00e9crit, \u00e0 C\/ Jorge Juan, n\u00ba 6, 28001 &#8211; Madrid, ou par le biais du site Web : www.agpd.es.<\/p>\t\t\t\t\t\t\t\t<\/div>\n\t\t\t\t<\/div>\n\t\t\t\t\t<\/div>\n\t\t\t\t<\/div>\n\t\t\t\t<\/div>\n\t\t","protected":false},"excerpt":{"rendered":"<p>Politique en mati\u00e8re de cookies 1. IDENTIFICATION ET COORDONN\u00c9ES DU RESPONSABLE DU TRAITEMENT Le responsable du traitement des donn\u00e9es collect\u00e9es ou g\u00e9n\u00e9r\u00e9es par l&rsquo;acc\u00e8s, l&rsquo;utilisation et la navigation des utilisateurs du site www. pradomuseum.madridtickets.org (ci-apr\u00e8s, l&rsquo;\u00a0\u00bb Utilisateur \u00a0\u00bb ou les \u00a0\u00bb Utilisateurs \u00a0\u00bb et le \u00a0\u00bb Site \u00a0\u00bb ou le \u00a0\u00bb Web \u00a0\u00bb respectivement), est [&hellip;]<\/p>\n","protected":false},"author":1,"featured_media":0,"parent":0,"menu_order":0,"comment_status":"closed","ping_status":"closed","template":"elementor_header_footer","meta":{"footnotes":""},"class_list":["post-1041","page","type-page","status-publish","hentry"],"yoast_head":"<!-- This site is optimized with the Yoast SEO plugin v26.8 - https:\/\/yoast.com\/product\/yoast-seo-wordpress\/ -->\n<title>Politique en mati\u00e8re de cookies - Site Web de la billetterie du Mus\u00e9e du Prado<\/title>\n<meta name=\"description\" content=\"D\u00e9couvrez comment nous utilisons les cookies pour am\u00e9liorer votre exp\u00e9rience sur le site du Mus\u00e9e du Prado. Lisez notre politique en mati\u00e8re d&#039;utilisation des donn\u00e9es, de pr\u00e9f\u00e9rences et de services tiers.\" \/>\n<meta name=\"robots\" content=\"index, follow, max-snippet:-1, max-image-preview:large, max-video-preview:-1\" \/>\n<link rel=\"canonical\" href=\"https:\/\/pradomuseum.madridtickets.org\/fr\/politique-en-matiere-de-cookies\/\" \/>\n<meta property=\"og:locale\" content=\"fr_FR\" \/>\n<meta property=\"og:type\" content=\"article\" \/>\n<meta property=\"og:title\" content=\"Politique en mati\u00e8re de cookies - Site Web de la billetterie du Mus\u00e9e du Prado\" \/>\n<meta property=\"og:description\" content=\"D\u00e9couvrez comment nous utilisons les cookies pour am\u00e9liorer votre exp\u00e9rience sur le site du Mus\u00e9e du Prado. Lisez notre politique en mati\u00e8re d&#039;utilisation des donn\u00e9es, de pr\u00e9f\u00e9rences et de services tiers.\" \/>\n<meta property=\"og:url\" content=\"https:\/\/pradomuseum.madridtickets.org\/fr\/politique-en-matiere-de-cookies\/\" \/>\n<meta property=\"og:site_name\" content=\"Prado Museum Tickets\" \/>\n<meta property=\"article:modified_time\" content=\"2025-11-27T11:21:56+00:00\" \/>\n<meta property=\"og:image\" content=\"http:\/\/louvremuseum.paristickets.org\/wp-content\/uploads\/2024\/01\/Itcubation-S.R.L.png\" \/>\n<meta name=\"twitter:card\" content=\"summary_large_image\" \/>\n<meta name=\"twitter:label1\" content=\"Dur\u00e9e de lecture estim\u00e9e\" \/>\n\t<meta name=\"twitter:data1\" content=\"6 minutes\" \/>\n<script type=\"application\/ld+json\" class=\"yoast-schema-graph\">{\"@context\":\"https:\/\/schema.org\",\"@graph\":[{\"@type\":\"WebPage\",\"@id\":\"https:\/\/pradomuseum.madridtickets.org\/fr\/politique-en-matiere-de-cookies\/\",\"url\":\"https:\/\/pradomuseum.madridtickets.org\/fr\/politique-en-matiere-de-cookies\/\",\"name\":\"Politique en mati\u00e8re de cookies - Site Web de la billetterie du Mus\u00e9e du Prado\",\"isPartOf\":{\"@id\":\"https:\/\/pradomuseum.madridtickets.org\/fr\/#website\"},\"primaryImageOfPage\":{\"@id\":\"https:\/\/pradomuseum.madridtickets.org\/fr\/politique-en-matiere-de-cookies\/#primaryimage\"},\"image\":{\"@id\":\"https:\/\/pradomuseum.madridtickets.org\/fr\/politique-en-matiere-de-cookies\/#primaryimage\"},\"thumbnailUrl\":\"http:\/\/louvremuseum.paristickets.org\/wp-content\/uploads\/2024\/01\/Itcubation-S.R.L.png\",\"datePublished\":\"2025-07-29T13:00:42+00:00\",\"dateModified\":\"2025-11-27T11:21:56+00:00\",\"description\":\"D\u00e9couvrez comment nous utilisons les cookies pour am\u00e9liorer votre exp\u00e9rience sur le site du Mus\u00e9e du Prado. Lisez notre politique en mati\u00e8re d'utilisation des donn\u00e9es, de pr\u00e9f\u00e9rences et de services tiers.\",\"breadcrumb\":{\"@id\":\"https:\/\/pradomuseum.madridtickets.org\/fr\/politique-en-matiere-de-cookies\/#breadcrumb\"},\"inLanguage\":\"fr-FR\",\"potentialAction\":[{\"@type\":\"ReadAction\",\"target\":[\"https:\/\/pradomuseum.madridtickets.org\/fr\/politique-en-matiere-de-cookies\/\"]}]},{\"@type\":\"ImageObject\",\"inLanguage\":\"fr-FR\",\"@id\":\"https:\/\/pradomuseum.madridtickets.org\/fr\/politique-en-matiere-de-cookies\/#primaryimage\",\"url\":\"http:\/\/louvremuseum.paristickets.org\/wp-content\/uploads\/2024\/01\/Itcubation-S.R.L.png\",\"contentUrl\":\"http:\/\/louvremuseum.paristickets.org\/wp-content\/uploads\/2024\/01\/Itcubation-S.R.L.png\"},{\"@type\":\"BreadcrumbList\",\"@id\":\"https:\/\/pradomuseum.madridtickets.org\/fr\/politique-en-matiere-de-cookies\/#breadcrumb\",\"itemListElement\":[{\"@type\":\"ListItem\",\"position\":1,\"name\":\"Home\",\"item\":\"https:\/\/pradomuseum.madridtickets.org\/fr\/\"},{\"@type\":\"ListItem\",\"position\":2,\"name\":\"Politique en mati\u00e8re de cookies\"}]},{\"@type\":\"WebSite\",\"@id\":\"https:\/\/pradomuseum.madridtickets.org\/fr\/#website\",\"url\":\"https:\/\/pradomuseum.madridtickets.org\/fr\/\",\"name\":\"Prado Museum Tickets\",\"description\":\"\",\"publisher\":{\"@id\":\"https:\/\/pradomuseum.madridtickets.org\/fr\/#organization\"},\"potentialAction\":[{\"@type\":\"SearchAction\",\"target\":{\"@type\":\"EntryPoint\",\"urlTemplate\":\"https:\/\/pradomuseum.madridtickets.org\/fr\/?s={search_term_string}\"},\"query-input\":{\"@type\":\"PropertyValueSpecification\",\"valueRequired\":true,\"valueName\":\"search_term_string\"}}],\"inLanguage\":\"fr-FR\"},{\"@type\":\"Organization\",\"@id\":\"https:\/\/pradomuseum.madridtickets.org\/fr\/#organization\",\"name\":\"Billets pour le mus\u00e9e du Prado\",\"url\":\"https:\/\/pradomuseum.madridtickets.org\/fr\/\",\"logo\":{\"@type\":\"ImageObject\",\"inLanguage\":\"fr-FR\",\"@id\":\"https:\/\/pradomuseum.madridtickets.org\/fr\/#\/schema\/logo\/image\/\",\"url\":\"https:\/\/pradomuseum.madridtickets.org\/wp-content\/uploads\/Prado-Museum-Logo.png\",\"contentUrl\":\"https:\/\/pradomuseum.madridtickets.org\/wp-content\/uploads\/Prado-Museum-Logo.png\",\"width\":340,\"height\":64,\"caption\":\"Billets pour le mus\u00e9e du Prado\"},\"image\":{\"@id\":\"https:\/\/pradomuseum.madridtickets.org\/fr\/#\/schema\/logo\/image\/\"}}]}<\/script>\n<!-- \/ Yoast SEO plugin. -->","yoast_head_json":{"title":"Politique en mati\u00e8re de cookies - Site Web de la billetterie du Mus\u00e9e du Prado","description":"D\u00e9couvrez comment nous utilisons les cookies pour am\u00e9liorer votre exp\u00e9rience sur le site du Mus\u00e9e du Prado. Lisez notre politique en mati\u00e8re d'utilisation des donn\u00e9es, de pr\u00e9f\u00e9rences et de services tiers.","robots":{"index":"index","follow":"follow","max-snippet":"max-snippet:-1","max-image-preview":"max-image-preview:large","max-video-preview":"max-video-preview:-1"},"canonical":"https:\/\/pradomuseum.madridtickets.org\/fr\/politique-en-matiere-de-cookies\/","og_locale":"fr_FR","og_type":"article","og_title":"Politique en mati\u00e8re de cookies - Site Web de la billetterie du Mus\u00e9e du Prado","og_description":"D\u00e9couvrez comment nous utilisons les cookies pour am\u00e9liorer votre exp\u00e9rience sur le site du Mus\u00e9e du Prado. Lisez notre politique en mati\u00e8re d'utilisation des donn\u00e9es, de pr\u00e9f\u00e9rences et de services tiers.","og_url":"https:\/\/pradomuseum.madridtickets.org\/fr\/politique-en-matiere-de-cookies\/","og_site_name":"Prado Museum Tickets","article_modified_time":"2025-11-27T11:21:56+00:00","og_image":[{"url":"http:\/\/louvremuseum.paristickets.org\/wp-content\/uploads\/2024\/01\/Itcubation-S.R.L.png","type":"","width":"","height":""}],"twitter_card":"summary_large_image","twitter_misc":{"Dur\u00e9e de lecture estim\u00e9e":"6 minutes"},"schema":{"@context":"https:\/\/schema.org","@graph":[{"@type":"WebPage","@id":"https:\/\/pradomuseum.madridtickets.org\/fr\/politique-en-matiere-de-cookies\/","url":"https:\/\/pradomuseum.madridtickets.org\/fr\/politique-en-matiere-de-cookies\/","name":"Politique en mati\u00e8re de cookies - Site Web de la billetterie du Mus\u00e9e du Prado","isPartOf":{"@id":"https:\/\/pradomuseum.madridtickets.org\/fr\/#website"},"primaryImageOfPage":{"@id":"https:\/\/pradomuseum.madridtickets.org\/fr\/politique-en-matiere-de-cookies\/#primaryimage"},"image":{"@id":"https:\/\/pradomuseum.madridtickets.org\/fr\/politique-en-matiere-de-cookies\/#primaryimage"},"thumbnailUrl":"http:\/\/louvremuseum.paristickets.org\/wp-content\/uploads\/2024\/01\/Itcubation-S.R.L.png","datePublished":"2025-07-29T13:00:42+00:00","dateModified":"2025-11-27T11:21:56+00:00","description":"D\u00e9couvrez comment nous utilisons les cookies pour am\u00e9liorer votre exp\u00e9rience sur le site du Mus\u00e9e du Prado. Lisez notre politique en mati\u00e8re d'utilisation des donn\u00e9es, de pr\u00e9f\u00e9rences et de services tiers.","breadcrumb":{"@id":"https:\/\/pradomuseum.madridtickets.org\/fr\/politique-en-matiere-de-cookies\/#breadcrumb"},"inLanguage":"fr-FR","potentialAction":[{"@type":"ReadAction","target":["https:\/\/pradomuseum.madridtickets.org\/fr\/politique-en-matiere-de-cookies\/"]}]},{"@type":"ImageObject","inLanguage":"fr-FR","@id":"https:\/\/pradomuseum.madridtickets.org\/fr\/politique-en-matiere-de-cookies\/#primaryimage","url":"http:\/\/louvremuseum.paristickets.org\/wp-content\/uploads\/2024\/01\/Itcubation-S.R.L.png","contentUrl":"http:\/\/louvremuseum.paristickets.org\/wp-content\/uploads\/2024\/01\/Itcubation-S.R.L.png"},{"@type":"BreadcrumbList","@id":"https:\/\/pradomuseum.madridtickets.org\/fr\/politique-en-matiere-de-cookies\/#breadcrumb","itemListElement":[{"@type":"ListItem","position":1,"name":"Home","item":"https:\/\/pradomuseum.madridtickets.org\/fr\/"},{"@type":"ListItem","position":2,"name":"Politique en mati\u00e8re de cookies"}]},{"@type":"WebSite","@id":"https:\/\/pradomuseum.madridtickets.org\/fr\/#website","url":"https:\/\/pradomuseum.madridtickets.org\/fr\/","name":"Prado Museum Tickets","description":"","publisher":{"@id":"https:\/\/pradomuseum.madridtickets.org\/fr\/#organization"},"potentialAction":[{"@type":"SearchAction","target":{"@type":"EntryPoint","urlTemplate":"https:\/\/pradomuseum.madridtickets.org\/fr\/?s={search_term_string}"},"query-input":{"@type":"PropertyValueSpecification","valueRequired":true,"valueName":"search_term_string"}}],"inLanguage":"fr-FR"},{"@type":"Organization","@id":"https:\/\/pradomuseum.madridtickets.org\/fr\/#organization","name":"Billets pour le mus\u00e9e du Prado","url":"https:\/\/pradomuseum.madridtickets.org\/fr\/","logo":{"@type":"ImageObject","inLanguage":"fr-FR","@id":"https:\/\/pradomuseum.madridtickets.org\/fr\/#\/schema\/logo\/image\/","url":"https:\/\/pradomuseum.madridtickets.org\/wp-content\/uploads\/Prado-Museum-Logo.png","contentUrl":"https:\/\/pradomuseum.madridtickets.org\/wp-content\/uploads\/Prado-Museum-Logo.png","width":340,"height":64,"caption":"Billets pour le mus\u00e9e du Prado"},"image":{"@id":"https:\/\/pradomuseum.madridtickets.org\/fr\/#\/schema\/logo\/image\/"}}]}},"_links":{"self":[{"href":"https:\/\/pradomuseum.madridtickets.org\/fr\/wp-json\/wp\/v2\/pages\/1041","targetHints":{"allow":["GET"]}}],"collection":[{"href":"https:\/\/pradomuseum.madridtickets.org\/fr\/wp-json\/wp\/v2\/pages"}],"about":[{"href":"https:\/\/pradomuseum.madridtickets.org\/fr\/wp-json\/wp\/v2\/types\/page"}],"author":[{"embeddable":true,"href":"https:\/\/pradomuseum.madridtickets.org\/fr\/wp-json\/wp\/v2\/users\/1"}],"replies":[{"embeddable":true,"href":"https:\/\/pradomuseum.madridtickets.org\/fr\/wp-json\/wp\/v2\/comments?post=1041"}],"version-history":[{"count":3,"href":"https:\/\/pradomuseum.madridtickets.org\/fr\/wp-json\/wp\/v2\/pages\/1041\/revisions"}],"predecessor-version":[{"id":1638,"href":"https:\/\/pradomuseum.madridtickets.org\/fr\/wp-json\/wp\/v2\/pages\/1041\/revisions\/1638"}],"wp:attachment":[{"href":"https:\/\/pradomuseum.madridtickets.org\/fr\/wp-json\/wp\/v2\/media?parent=1041"}],"curies":[{"name":"wp","href":"https:\/\/api.w.org\/{rel}","templated":true}]}}