{"id":1035,"date":"2025-07-29T13:00:42","date_gmt":"2025-07-29T13:00:42","guid":{"rendered":"https:\/\/pradomuseum.madridtickets.org\/politica-de-cookies\/"},"modified":"2025-11-27T11:21:47","modified_gmt":"2025-11-27T11:21:47","slug":"politica-de-cookies","status":"publish","type":"page","link":"https:\/\/pradomuseum.madridtickets.org\/es\/politica-de-cookies\/","title":{"rendered":"Pol\u00edtica de cookies"},"content":{"rendered":"\t\t<div data-elementor-type=\"wp-page\" data-elementor-id=\"1035\" class=\"elementor elementor-1035 elementor-997\">\n\t\t\t\t<div class=\"elementor-element elementor-element-5e63bc1f e-flex e-con-boxed e-con e-parent\" data-id=\"5e63bc1f\" data-element_type=\"container\">\n\t\t\t\t\t<div class=\"e-con-inner\">\n\t\t\t\t<div class=\"elementor-element elementor-element-7de68324 elementor-widget elementor-widget-heading\" data-id=\"7de68324\" data-element_type=\"widget\" data-widget_type=\"heading.default\">\n\t\t\t\t<div class=\"elementor-widget-container\">\n\t\t\t\t\t<h2 class=\"elementor-heading-title elementor-size-default\">Pol\u00edtica de cookies\n<\/h2>\t\t\t\t<\/div>\n\t\t\t\t<\/div>\n\t\t\t\t\t<\/div>\n\t\t\t\t<\/div>\n\t\t<div class=\"elementor-element elementor-element-15bc9fd4 e-flex e-con-boxed e-con e-parent\" data-id=\"15bc9fd4\" data-element_type=\"container\">\n\t\t\t\t\t<div class=\"e-con-inner\">\n\t\t\t\t<div class=\"elementor-element elementor-element-642f0f34 elementor-widget elementor-widget-text-editor\" data-id=\"642f0f34\" data-element_type=\"widget\" data-widget_type=\"text-editor.default\">\n\t\t\t\t<div class=\"elementor-widget-container\">\n\t\t\t\t\t\t\t\t\t<p><b>1. IDENTIFICACI\u00d3N Y DATOS DE CONTACTO DEL RESPONSABLE DEL TRATAMIENTO<\/b><\/p>\n<p><img decoding=\"async\" src=\"http:\/\/louvremuseum.paristickets.org\/wp-content\/uploads\/2024\/01\/Itcubation-S.R.L.png\" alt=\"\" width=\"254\" height=\"16\">,DNI <img decoding=\"async\" src=\"http:\/\/louvremuseum.paristickets.org\/wp-content\/uploads\/2024\/01\/NIF-TMS.jpg\" alt=\"\" width=\"111\" height=\"16\">, con domicilio en Calle Balmes n\u00ba 32, Principal 2\u00aa, C.P. 08007 Barcelona (Espa\u00f1a) e inscrita en el Registro Mercantil de (Barcelona) al Tomo 47314, Folio 29 (en adelante, el \u00abResponsable del Tratamiento\u00bb), es responsable del tratamiento de los datos recabados o generados como consecuencia del acceso, uso y navegaci\u00f3n de los usuarios de www.pradomuseum.madridtickets.org (en adelante, el \u00abUsuario\u00bb o los \u00abUsuarios\u00bb y el \u00abSitio Web\u00bb o la \u00abWeb\u00bb respectivamente), y utiliza cookies con la finalidad de realizar un seguimiento de los h\u00e1bitos de navegaci\u00f3n de los Usuarios en esta Web, tal y como se indica en la presente pol\u00edtica de cookies (en adelante, la \u00abPol\u00edtica de Cookies\u00bb).<\/p>\n<p><b>2. CONCEPTO<\/b><\/p>\n<p>Una cookie es un fichero que se descarga en el equipo inform\u00e1tico utilizado por el Usuario al acceder a determinadas p\u00e1ginas web para almacenar y recuperar informaci\u00f3n sobre la navegaci\u00f3n que se efect\u00faa desde su equipo. As\u00ed, la informaci\u00f3n recogida a trav\u00e9s de las cookies nos permite obtener informaci\u00f3n sobre los h\u00e1bitos de navegaci\u00f3n de los Usuarios. <\/p>\n<p><b>3. TIPOS DE COOKIES Y TRATAMIENTO DE DATOS POR LAS COOKIES<\/b><\/p>\n<p>Este Sitio Web s\u00f3lo permite el uso de cookies de la herramienta Google Analytics perteneciente a Google, Inc. (en adelante, \u00abGoogle\u00bb), empresa registrada en Delaware, en 1600 Amphitheatre Parkway, Mountain View (California), CA 94043, EE.UU., que es, por tanto, el tercero responsable de los datos personales.<\/p>\n<p>En este sentido, Google Analytics captura las interacciones de los usuarios en el Sitio Web (hora de la visita, si el Usuario ha estado antes en el sitio, qu\u00e9 sitio ha recomendado al Usuario que visite el sitio web en cuesti\u00f3n, direcci\u00f3n IP, etc.) y no proporciona al Responsable del Tratamiento ninguna informaci\u00f3n relativa a la direcci\u00f3n IP real del Usuario, sino que s\u00f3lo proporciona informaci\u00f3n estad\u00edstica consistente en visitas (visitantes \u00fanicos, n\u00famero de p\u00e1ginas vistas, p\u00e1gina\/vista, duraci\u00f3n media de la visita, tasa de rebote, % de visitas nuevas, visitantes nuevos y recurrentes, frecuencia y visitas recientes, interacciones, p\u00e1ginas visitadas), datos demogr\u00e1ficos (idioma, pa\u00eds\/territorio, ciudad), sistema (navegador, sistema operativo, proveedor de acceso a Internet, categor\u00eda de dispositivo), fuente\/medio, etc.<\/p>\n<p><b>4. FINALIDAD DE LAS COOKIES<\/b><\/p>\n<p>La finalidad es que el Responsable del Tratamiento pueda conocer los h\u00e1bitos de navegaci\u00f3n de los Usuarios del Sitio Web, y pueda consultar diversos informes que describen c\u00f3mo interact\u00faan los Usuarios que visitan el Sitio Web con el fin de mejorarlo. A trav\u00e9s de esta informaci\u00f3n, el Responsable del Tratamiento puede analizar la navegaci\u00f3n de los Usuarios del Sitio Web, y Google Analytics tambi\u00e9n informa de las tendencias del Sitio Web sin identificar a sus Usuarios. <\/p>\n<p>Por otra parte, el Usuario puede consultar las condiciones generales de Google en www.google.com\/analytics\/tos.html y su pol\u00edtica de privacidad en www.google.com\/intl\/es\/policies\/privacy.<\/p>\n<p>No obstante, el Responsable del Tratamiento no puede controlar ni se hace responsable del contenido y veracidad de las condiciones y pol\u00edticas de privacidad de Google a las que se hace referencia en la presente Pol\u00edtica de Cookies.<\/p>\n<p><b>5. DESACTIVAR LAS COOKIES<\/b><\/p>\n<p>Los visitantes del sitio web pueden revocar el consentimiento prestado a trav\u00e9s del bot\u00f3n situado en la parte superior de esta Pol\u00edtica de Cookies en cualquier momento.<\/p>\n<p>Alternativamente, tambi\u00e9n puedes inhabilitar las cookies de Google Analytics, utilizando los siguientes sistemas:<\/p>\n<ol>\n<li>El sistema de inhabilitaci\u00f3n de Google Analytics es accesible en el siguiente enlace: https:\/\/tools.google.com\/dlpage\/gaoptout?hl=es<\/li>\n<li>Configuraci\u00f3n del navegador; por ejemplo:<br>2.1 Chrome, desde support.google.com\/chrome\/answer\/95647?hl=en<br>2.2 Explorer, desde support.microsoft.com\/en-us\/help\/17442\/windows-internetexplorer-delete-manage-cookies<br>2.3 Firefox, desde support.mozilla.org\/kb\/kb\/en\/en\/enable-and-disable-cookies-webs-tracking-preferences 3 Firefox, desde support.mozilla.org\/kb\/kb\/en\/en\/enable-and-disable-cookies-websites-tracking-preferences<br>2.4 Safari, desde support.apple.com\/en\/en\/guide\/safari\/sfri11471\/mac<\/li>\n<\/ol>\n<p>Deshabilitar las cookies de Google Analytics no te impedir\u00e1 utilizar este Sitio Web. Si eliminas todas las cookies de este Sitio Web, a trav\u00e9s de tu navegador, tambi\u00e9n eliminar\u00e1s la configuraci\u00f3n que hayas elegido para nuestras cookies. En cualquier caso, deber\u00e1s acceder a la versi\u00f3n m\u00e1s actualizada de cada navegador, y en el caso de que utilices cualquier otro navegador de Internet de los anteriormente indicados, te recomendamos que consultes las distintas opciones de gesti\u00f3n de cookies que puedan estar disponibles en el mismo en cada momento.  <\/p>\n<p><b>6. CAMBIOS EN LA POL\u00cdTICA DE COOKIES<\/b><\/p>\n<p>Con el fin de que las directrices del Responsable del Tratamiento en materia de cookies cumplan siempre con los requisitos legales vigentes en cada momento, el Responsable del Tratamiento se reserva el derecho a realizar cambios en esta Pol\u00edtica de Cookies con el fin de<\/p>\n<p><b>7. COMUNICACIONES Y TRANSFERENCIAS INTERNACIONALES DE DATOS<\/b><\/p>\n<p>Las cookies de terceros utilizadas en el Sitio Web pertenecen a Google, ubicada en Estados Unidos, fuera del Espacio Econ\u00f3mico Europeo. Google es signatario del Marco del Escudo de Privacidad UE-EEUU. <\/p>\n<p>Los datos no se comunicar\u00e1n a terceros, salvo en los casos previstos en la pol\u00edtica de privacidad de Google mencionada anteriormente.<\/p>\n<p><b>8. POL\u00cdTICA DE PRIVACIDAD<\/b><\/p>\n<p>Lee nuestra Pol\u00edtica de privacidad para obtener m\u00e1s informaci\u00f3n sobre el tratamiento de datos personales.<\/p>\n<p><b>9. DERECHOS DEL USUARIO<\/b><\/p>\n<p>El Usuario podr\u00e1 ejercer los derechos de acceso, rectificaci\u00f3n, supresi\u00f3n, oposici\u00f3n, limitaci\u00f3n del tratamiento y portabilidad, en su caso, as\u00ed como revocar su consentimiento, respecto de los tratamientos de los que sea responsable el Responsable del Tratamiento. Para el efectivo ejercicio de estos derechos, el Usuario deber\u00e1 dirigir la solicitud por escrito a la siguiente direcci\u00f3n de correo electr\u00f3nico: support@madridtickets.org, y acreditar su identidad mediante la aportaci\u00f3n de su nombre y apellidos, fotocopia del Documento Nacional de Identidad o documento identificativo equivalente que acredite su identidad, petici\u00f3n en que se concreta la solicitud, domicilio a efectos de notificaciones, fecha y firma del solicitante. <\/p>\n<p>Para el ejercicio de los derechos frente a Google, deber\u00e1s remitirte a lo dispuesto en su pol\u00edtica de privacidad arriba indicada.<\/p>\n<p>Asimismo, el Usuario podr\u00e1 presentar una reclamaci\u00f3n ante la Agencia Espa\u00f1ola de Protecci\u00f3n de Datos (Autoridad de Control competente en esta materia en Espa\u00f1a), especialmente cuando el ejercicio de sus derechos no haya sido satisfactorio, por escrito, a C\/ Jorge Juan, n\u00ba 6, 28001 &#8211; Madrid, o a trav\u00e9s de la web: www.agpd.es.<\/p>\t\t\t\t\t\t\t\t<\/div>\n\t\t\t\t<\/div>\n\t\t\t\t\t<\/div>\n\t\t\t\t<\/div>\n\t\t\t\t<\/div>\n\t\t","protected":false},"excerpt":{"rendered":"<p>Pol\u00edtica de cookies 1. IDENTIFICACI\u00d3N Y DATOS DE CONTACTO DEL RESPONSABLE DEL TRATAMIENTO ,DNI , con domicilio en Calle Balmes n\u00ba 32, Principal 2\u00aa, C.P. 08007 Barcelona (Espa\u00f1a) e inscrita en el Registro Mercantil de (Barcelona) al Tomo 47314, Folio 29 (en adelante, el \u00abResponsable del Tratamiento\u00bb), es responsable del tratamiento de los datos recabados [&hellip;]<\/p>\n","protected":false},"author":1,"featured_media":0,"parent":0,"menu_order":0,"comment_status":"closed","ping_status":"closed","template":"elementor_header_footer","meta":{"footnotes":""},"class_list":["post-1035","page","type-page","status-publish","hentry"],"yoast_head":"<!-- This site is optimized with the Yoast SEO plugin v26.8 - https:\/\/yoast.com\/product\/yoast-seo-wordpress\/ -->\n<title>Pol\u00edtica de cookies | Sitio web de venta de entradas del Museo del Prado<\/title>\n<meta name=\"description\" content=\"Descubre c\u00f3mo utilizamos las cookies para mejorar tu experiencia en el sitio web del Museo del Prado. Lee nuestra pol\u00edtica sobre uso de datos, preferencias y servicios de terceros.\" \/>\n<meta name=\"robots\" content=\"index, follow, max-snippet:-1, max-image-preview:large, max-video-preview:-1\" \/>\n<link rel=\"canonical\" href=\"https:\/\/pradomuseum.madridtickets.org\/es\/politica-de-cookies\/\" \/>\n<meta property=\"og:locale\" content=\"es_ES\" \/>\n<meta property=\"og:type\" content=\"article\" \/>\n<meta property=\"og:title\" content=\"Pol\u00edtica de cookies | Sitio web de venta de entradas del Museo del Prado\" \/>\n<meta property=\"og:description\" content=\"Descubre c\u00f3mo utilizamos las cookies para mejorar tu experiencia en el sitio web del Museo del Prado. Lee nuestra pol\u00edtica sobre uso de datos, preferencias y servicios de terceros.\" \/>\n<meta property=\"og:url\" content=\"https:\/\/pradomuseum.madridtickets.org\/es\/politica-de-cookies\/\" \/>\n<meta property=\"og:site_name\" content=\"Prado Museum Tickets\" \/>\n<meta property=\"article:modified_time\" content=\"2025-11-27T11:21:47+00:00\" \/>\n<meta property=\"og:image\" content=\"http:\/\/louvremuseum.paristickets.org\/wp-content\/uploads\/2024\/01\/Itcubation-S.R.L.png\" \/>\n<meta name=\"twitter:card\" content=\"summary_large_image\" \/>\n<meta name=\"twitter:label1\" content=\"Tiempo de lectura\" \/>\n\t<meta name=\"twitter:data1\" content=\"5 minutos\" \/>\n<script type=\"application\/ld+json\" class=\"yoast-schema-graph\">{\"@context\":\"https:\/\/schema.org\",\"@graph\":[{\"@type\":\"WebPage\",\"@id\":\"https:\/\/pradomuseum.madridtickets.org\/es\/politica-de-cookies\/\",\"url\":\"https:\/\/pradomuseum.madridtickets.org\/es\/politica-de-cookies\/\",\"name\":\"Pol\u00edtica de cookies | Sitio web de venta de entradas del Museo del Prado\",\"isPartOf\":{\"@id\":\"https:\/\/pradomuseum.madridtickets.org\/es\/#website\"},\"primaryImageOfPage\":{\"@id\":\"https:\/\/pradomuseum.madridtickets.org\/es\/politica-de-cookies\/#primaryimage\"},\"image\":{\"@id\":\"https:\/\/pradomuseum.madridtickets.org\/es\/politica-de-cookies\/#primaryimage\"},\"thumbnailUrl\":\"http:\/\/louvremuseum.paristickets.org\/wp-content\/uploads\/2024\/01\/Itcubation-S.R.L.png\",\"datePublished\":\"2025-07-29T13:00:42+00:00\",\"dateModified\":\"2025-11-27T11:21:47+00:00\",\"description\":\"Descubre c\u00f3mo utilizamos las cookies para mejorar tu experiencia en el sitio web del Museo del Prado. Lee nuestra pol\u00edtica sobre uso de datos, preferencias y servicios de terceros.\",\"breadcrumb\":{\"@id\":\"https:\/\/pradomuseum.madridtickets.org\/es\/politica-de-cookies\/#breadcrumb\"},\"inLanguage\":\"es\",\"potentialAction\":[{\"@type\":\"ReadAction\",\"target\":[\"https:\/\/pradomuseum.madridtickets.org\/es\/politica-de-cookies\/\"]}]},{\"@type\":\"ImageObject\",\"inLanguage\":\"es\",\"@id\":\"https:\/\/pradomuseum.madridtickets.org\/es\/politica-de-cookies\/#primaryimage\",\"url\":\"http:\/\/louvremuseum.paristickets.org\/wp-content\/uploads\/2024\/01\/Itcubation-S.R.L.png\",\"contentUrl\":\"http:\/\/louvremuseum.paristickets.org\/wp-content\/uploads\/2024\/01\/Itcubation-S.R.L.png\"},{\"@type\":\"BreadcrumbList\",\"@id\":\"https:\/\/pradomuseum.madridtickets.org\/es\/politica-de-cookies\/#breadcrumb\",\"itemListElement\":[{\"@type\":\"ListItem\",\"position\":1,\"name\":\"Home\",\"item\":\"https:\/\/pradomuseum.madridtickets.org\/es\/\"},{\"@type\":\"ListItem\",\"position\":2,\"name\":\"Pol\u00edtica de cookies\"}]},{\"@type\":\"WebSite\",\"@id\":\"https:\/\/pradomuseum.madridtickets.org\/es\/#website\",\"url\":\"https:\/\/pradomuseum.madridtickets.org\/es\/\",\"name\":\"Prado Museum Tickets\",\"description\":\"\",\"publisher\":{\"@id\":\"https:\/\/pradomuseum.madridtickets.org\/es\/#organization\"},\"potentialAction\":[{\"@type\":\"SearchAction\",\"target\":{\"@type\":\"EntryPoint\",\"urlTemplate\":\"https:\/\/pradomuseum.madridtickets.org\/es\/?s={search_term_string}\"},\"query-input\":{\"@type\":\"PropertyValueSpecification\",\"valueRequired\":true,\"valueName\":\"search_term_string\"}}],\"inLanguage\":\"es\"},{\"@type\":\"Organization\",\"@id\":\"https:\/\/pradomuseum.madridtickets.org\/es\/#organization\",\"name\":\"Entradas Museo del Prado\",\"url\":\"https:\/\/pradomuseum.madridtickets.org\/es\/\",\"logo\":{\"@type\":\"ImageObject\",\"inLanguage\":\"es\",\"@id\":\"https:\/\/pradomuseum.madridtickets.org\/es\/#\/schema\/logo\/image\/\",\"url\":\"https:\/\/pradomuseum.madridtickets.org\/wp-content\/uploads\/Prado-Museum-Logo.png\",\"contentUrl\":\"https:\/\/pradomuseum.madridtickets.org\/wp-content\/uploads\/Prado-Museum-Logo.png\",\"width\":340,\"height\":64,\"caption\":\"Entradas Museo del Prado\"},\"image\":{\"@id\":\"https:\/\/pradomuseum.madridtickets.org\/es\/#\/schema\/logo\/image\/\"}}]}<\/script>\n<!-- \/ Yoast SEO plugin. -->","yoast_head_json":{"title":"Pol\u00edtica de cookies | Sitio web de venta de entradas del Museo del Prado","description":"Descubre c\u00f3mo utilizamos las cookies para mejorar tu experiencia en el sitio web del Museo del Prado. Lee nuestra pol\u00edtica sobre uso de datos, preferencias y servicios de terceros.","robots":{"index":"index","follow":"follow","max-snippet":"max-snippet:-1","max-image-preview":"max-image-preview:large","max-video-preview":"max-video-preview:-1"},"canonical":"https:\/\/pradomuseum.madridtickets.org\/es\/politica-de-cookies\/","og_locale":"es_ES","og_type":"article","og_title":"Pol\u00edtica de cookies | Sitio web de venta de entradas del Museo del Prado","og_description":"Descubre c\u00f3mo utilizamos las cookies para mejorar tu experiencia en el sitio web del Museo del Prado. Lee nuestra pol\u00edtica sobre uso de datos, preferencias y servicios de terceros.","og_url":"https:\/\/pradomuseum.madridtickets.org\/es\/politica-de-cookies\/","og_site_name":"Prado Museum Tickets","article_modified_time":"2025-11-27T11:21:47+00:00","og_image":[{"url":"http:\/\/louvremuseum.paristickets.org\/wp-content\/uploads\/2024\/01\/Itcubation-S.R.L.png","type":"","width":"","height":""}],"twitter_card":"summary_large_image","twitter_misc":{"Tiempo de lectura":"5 minutos"},"schema":{"@context":"https:\/\/schema.org","@graph":[{"@type":"WebPage","@id":"https:\/\/pradomuseum.madridtickets.org\/es\/politica-de-cookies\/","url":"https:\/\/pradomuseum.madridtickets.org\/es\/politica-de-cookies\/","name":"Pol\u00edtica de cookies | Sitio web de venta de entradas del Museo del Prado","isPartOf":{"@id":"https:\/\/pradomuseum.madridtickets.org\/es\/#website"},"primaryImageOfPage":{"@id":"https:\/\/pradomuseum.madridtickets.org\/es\/politica-de-cookies\/#primaryimage"},"image":{"@id":"https:\/\/pradomuseum.madridtickets.org\/es\/politica-de-cookies\/#primaryimage"},"thumbnailUrl":"http:\/\/louvremuseum.paristickets.org\/wp-content\/uploads\/2024\/01\/Itcubation-S.R.L.png","datePublished":"2025-07-29T13:00:42+00:00","dateModified":"2025-11-27T11:21:47+00:00","description":"Descubre c\u00f3mo utilizamos las cookies para mejorar tu experiencia en el sitio web del Museo del Prado. Lee nuestra pol\u00edtica sobre uso de datos, preferencias y servicios de terceros.","breadcrumb":{"@id":"https:\/\/pradomuseum.madridtickets.org\/es\/politica-de-cookies\/#breadcrumb"},"inLanguage":"es","potentialAction":[{"@type":"ReadAction","target":["https:\/\/pradomuseum.madridtickets.org\/es\/politica-de-cookies\/"]}]},{"@type":"ImageObject","inLanguage":"es","@id":"https:\/\/pradomuseum.madridtickets.org\/es\/politica-de-cookies\/#primaryimage","url":"http:\/\/louvremuseum.paristickets.org\/wp-content\/uploads\/2024\/01\/Itcubation-S.R.L.png","contentUrl":"http:\/\/louvremuseum.paristickets.org\/wp-content\/uploads\/2024\/01\/Itcubation-S.R.L.png"},{"@type":"BreadcrumbList","@id":"https:\/\/pradomuseum.madridtickets.org\/es\/politica-de-cookies\/#breadcrumb","itemListElement":[{"@type":"ListItem","position":1,"name":"Home","item":"https:\/\/pradomuseum.madridtickets.org\/es\/"},{"@type":"ListItem","position":2,"name":"Pol\u00edtica de cookies"}]},{"@type":"WebSite","@id":"https:\/\/pradomuseum.madridtickets.org\/es\/#website","url":"https:\/\/pradomuseum.madridtickets.org\/es\/","name":"Prado Museum Tickets","description":"","publisher":{"@id":"https:\/\/pradomuseum.madridtickets.org\/es\/#organization"},"potentialAction":[{"@type":"SearchAction","target":{"@type":"EntryPoint","urlTemplate":"https:\/\/pradomuseum.madridtickets.org\/es\/?s={search_term_string}"},"query-input":{"@type":"PropertyValueSpecification","valueRequired":true,"valueName":"search_term_string"}}],"inLanguage":"es"},{"@type":"Organization","@id":"https:\/\/pradomuseum.madridtickets.org\/es\/#organization","name":"Entradas Museo del Prado","url":"https:\/\/pradomuseum.madridtickets.org\/es\/","logo":{"@type":"ImageObject","inLanguage":"es","@id":"https:\/\/pradomuseum.madridtickets.org\/es\/#\/schema\/logo\/image\/","url":"https:\/\/pradomuseum.madridtickets.org\/wp-content\/uploads\/Prado-Museum-Logo.png","contentUrl":"https:\/\/pradomuseum.madridtickets.org\/wp-content\/uploads\/Prado-Museum-Logo.png","width":340,"height":64,"caption":"Entradas Museo del Prado"},"image":{"@id":"https:\/\/pradomuseum.madridtickets.org\/es\/#\/schema\/logo\/image\/"}}]}},"_links":{"self":[{"href":"https:\/\/pradomuseum.madridtickets.org\/es\/wp-json\/wp\/v2\/pages\/1035","targetHints":{"allow":["GET"]}}],"collection":[{"href":"https:\/\/pradomuseum.madridtickets.org\/es\/wp-json\/wp\/v2\/pages"}],"about":[{"href":"https:\/\/pradomuseum.madridtickets.org\/es\/wp-json\/wp\/v2\/types\/page"}],"author":[{"embeddable":true,"href":"https:\/\/pradomuseum.madridtickets.org\/es\/wp-json\/wp\/v2\/users\/1"}],"replies":[{"embeddable":true,"href":"https:\/\/pradomuseum.madridtickets.org\/es\/wp-json\/wp\/v2\/comments?post=1035"}],"version-history":[{"count":3,"href":"https:\/\/pradomuseum.madridtickets.org\/es\/wp-json\/wp\/v2\/pages\/1035\/revisions"}],"predecessor-version":[{"id":1633,"href":"https:\/\/pradomuseum.madridtickets.org\/es\/wp-json\/wp\/v2\/pages\/1035\/revisions\/1633"}],"wp:attachment":[{"href":"https:\/\/pradomuseum.madridtickets.org\/es\/wp-json\/wp\/v2\/media?parent=1035"}],"curies":[{"name":"wp","href":"https:\/\/api.w.org\/{rel}","templated":true}]}}