{"id":1072,"date":"2025-07-29T13:02:08","date_gmt":"2025-07-29T13:02:08","guid":{"rendered":"https:\/\/pradomuseum.madridtickets.org\/datenschutzbestimmungen\/"},"modified":"2025-11-27T11:22:19","modified_gmt":"2025-11-27T11:22:19","slug":"datenschutzbestimmungen","status":"publish","type":"page","link":"https:\/\/pradomuseum.madridtickets.org\/de\/datenschutzbestimmungen\/","title":{"rendered":"Datenschutzbestimmungen"},"content":{"rendered":"\t\t<div data-elementor-type=\"wp-page\" data-elementor-id=\"1072\" class=\"elementor elementor-1072 elementor-1032\">\n\t\t\t\t<div class=\"elementor-element elementor-element-3c864910 e-flex e-con-boxed e-con e-parent\" data-id=\"3c864910\" data-element_type=\"container\">\n\t\t\t\t\t<div class=\"e-con-inner\">\n\t\t\t\t<div class=\"elementor-element elementor-element-f9acaf4 elementor-widget elementor-widget-heading\" data-id=\"f9acaf4\" data-element_type=\"widget\" data-widget_type=\"heading.default\">\n\t\t\t\t<div class=\"elementor-widget-container\">\n\t\t\t\t\t<h2 class=\"elementor-heading-title elementor-size-default\">Datenschutzbestimmungen<\/h2>\t\t\t\t<\/div>\n\t\t\t\t<\/div>\n\t\t\t\t\t<\/div>\n\t\t\t\t<\/div>\n\t\t<div class=\"elementor-element elementor-element-6bd11970 e-flex e-con-boxed e-con e-parent\" data-id=\"6bd11970\" data-element_type=\"container\">\n\t\t\t\t\t<div class=\"e-con-inner\">\n\t\t\t\t<div class=\"elementor-element elementor-element-7ccfd3d9 elementor-widget elementor-widget-text-editor\" data-id=\"7ccfd3d9\" data-element_type=\"widget\" data-widget_type=\"text-editor.default\">\n\t\t\t\t<div class=\"elementor-widget-container\">\n\t\t\t\t\t\t\t\t\t<p><b>1. IDENTIFIZIERUNG UND KONTAKTDATEN DES F\u00dcR DIE DATENVERARBEITUNG VERANTWORTLICHEN<\/b><\/p>\n<p><img decoding=\"async\" class=\"alignnone size-full wp-image-389\" src=\"http:\/\/louvremuseum.paristickets.org\/wp-content\/uploads\/2024\/01\/Itcubation-S.R.L.png\" alt=\"\" width=\"254\" height=\"16\">mit der Steueridentifikationsnummer <img decoding=\"async\" class=\"alignnone size-full wp-image-390\" src=\"http:\/\/louvremuseum.paristickets.org\/wp-content\/uploads\/2024\/01\/NIF-TMS.jpg\" alt=\"\" width=\"111\" height=\"16\">, registriert in der Calle Balmes n\u00ba 32, Principal 2\u00aa, C.P. 08007, Barcelona (Spanien) und eingetragen im Companies House of (Barcelona) unter Band 47314, Seite 29 (im Folgenden der &#8222;Eigent\u00fcmer&#8220;), ist verantwortlich f\u00fcr die Verarbeitung von Daten, die infolge des Zugriffs, der Nutzung und der Navigation durch die Benutzer von www.pradomuseum.madridtickets.org (im Folgenden der &#8222;Benutzer&#8220; oder &#8222;Benutzer&#8220; und die &#8222;Website&#8220; bzw. die &#8222;Website&#8220;) gesammelt oder erzeugt werden.<\/p>\n<p>Der Eigent\u00fcmer informiert die Nutzer der Website mit dieser Datenschutzrichtlinie (im Folgenden &#8222;Datenschutzrichtlinie&#8220;) \u00fcber die Behandlung und den Schutz ihrer pers\u00f6nlichen Daten, die beim Surfen oder bei der Inanspruchnahme von Dienstleistungen auf der Website erhoben werden k\u00f6nnen. Die Nutzung dieser Website durch den Nutzer setzt die Zustimmung zu dieser Datenschutzerkl\u00e4rung voraus. <\/p>\n<p><b>2. GESAMMELTE DATEN<\/b><\/p>\n<p>Durch den Besuch und das Surfen auf dieser Website werden nicht automatisch Daten aufgezeichnet, die eine namentliche Identifizierung der Benutzer erm\u00f6glichen. Bestimmte Informationen werden jedoch in den Systemen des Eigent\u00fcmers erfasst und gespeichert (z.B. Art des Internetbrowsers, Betriebssystem, IP-Adresse, von der aus auf die Website zugegriffen wird), um das Surfen des Benutzers und die Verwaltung der Website selbst zu verbessern. Ebenso kann die Website Cookies und \u00e4hnliche Technologien verwenden, deren Verwendung der Zustimmung der Nutzer gem\u00e4\u00df der Cookie-Richtlinie unterliegt.  <\/p>\n<p>Ungeachtet des Vorstehenden kann der Eigent\u00fcmer f\u00fcr die Nutzung bestimmter Inhalte oder Dienstleistungen, die auf der Website angeboten werden, bestimmte personenbezogene Daten vom Nutzer verlangen (z.B. Name, Vorname, Personalausweisnummer oder Ausl\u00e4nderausweisnummer, Adresse, Telefonnummer, Handynummer, E-Mail-Adresse oder andere Daten, die von den Nutzern selbst in den offenen Feldern der auf der Website bereitgestellten Formulare angegeben werden); in diesem Fall wird der Eigent\u00fcmer dem Nutzer die erforderlichen Informationen zur Verf\u00fcgung stellen, bevor er mit der Verarbeitung seiner Daten fortf\u00e4hrt.<\/p>\n<p>F\u00fcr den Fall, dass der Nutzer Daten von Dritten zur Verf\u00fcgung stellt, erkl\u00e4rt der Nutzer, dass er \u00fcber die entsprechende Zustimmung oder ausreichende Legitimation verf\u00fcgt und verpflichtet sich, die in dieser Datenschutzerkl\u00e4rung enthaltenen Informationen an den Interessenten, den Eigent\u00fcmer dieser Daten, weiterzugeben, wobei er den Eigent\u00fcmer von jeglicher Haftung in dieser Hinsicht freistellt. Der Datenverantwortliche kann jedoch die notwendigen \u00dcberpr\u00fcfungen durchf\u00fchren, um diese Tatsache zu verifizieren, indem er die entsprechenden Sorgfaltsma\u00dfnahmen gem\u00e4\u00df den geltenden Datenschutzbestimmungen ergreift. <\/p>\n<p>Ebenso garantiert der Nutzer, dass er\/sie \u00fcber achtzehn (18) Jahre alt ist und dass die angegebenen Daten wahr, genau, vollst\u00e4ndig und aktuell sind. In diesem Sinne ist der Nutzer f\u00fcr die Richtigkeit aller angegebenen Daten verantwortlich und verpflichtet sich, die angegebenen Informationen auf dem neuesten Stand zu halten, so dass sie der Realit\u00e4t entsprechen. <\/p>\n<p>Schlie\u00dflich haftet der Nutzer f\u00fcr alle falschen oder ungenauen Informationen, die er \u00fcber die Website zur Verf\u00fcgung stellt, sowie f\u00fcr alle direkten oder indirekten Sch\u00e4den, die dem Eigent\u00fcmer oder Dritten dadurch entstehen k\u00f6nnen.<\/p>\n<p><b>3. VERPFLICHTUNG ZUR BEREITSTELLUNG VON DATEN<\/b><\/p>\n<p>Die in den Formularen auf der Website abgefragten Daten sind im Allgemeinen obligatorisch (es sei denn, im entsprechenden Feld ist etwas anderes angegeben), um die in Abschnitt 4 unten genannten Zwecke zu erf\u00fcllen. Wenn diese Daten nicht angegeben werden oder nicht korrekt oder wahrheitsgem\u00e4\u00df sind, kann der Eigent\u00fcmer sie daher nicht akzeptieren. <\/p>\n<p><b>4. ZWECK DER VERARBEITUNG<\/b><\/p>\n<p>Neben der Verwaltung von Informations- und Inhaltsanfragen oder der Erbringung von Dienstleistungen, die von den Nutzern ausdr\u00fccklich oder mit deren Zustimmung angefordert wurden, hat der Eigent\u00fcmer ein berechtigtes Interesse daran, die gesammelten oder generierten Informationen f\u00fcr alle folgenden Zwecke zu verwenden:<\/p>\n<ol>\n<li>Ihre Kontaktanfrage an den Eigent\u00fcmer \u00fcber die daf\u00fcr vorgesehenen Kan\u00e4le auf der Website zu verwalten.<\/li>\n<li>Um die Auftragsvergabe f\u00fcr die im Rahmen der Website erbrachten Dienstleistungen zu verwalten, einschlie\u00dflich der Verwaltung der Zahlung und der \u00dcberweisung der Bestellung.<\/li>\n<li>Um die Website, ihre Verwaltung und Sicherheit zu verbessern.<\/li>\n<li>Zur Verwaltung der Zusendung kommerzieller Mitteilungen \u00fcber die Dienstleistungen des Eigent\u00fcmers, es sei denn, der Nutzer gibt durch Ankreuzen des entsprechenden K\u00e4stchens etwas anderes an oder erkl\u00e4rt, dass er mit einer solchen Behandlung nicht einverstanden ist.<\/li>\n<li>Um dem Nutzer auf elektronischem und\/oder konventionellem Wege kommerzielle Mitteilungen (Angebote, Werbeaktionen usw.) \u00fcber Produkte und Dienstleistungen von Drittunternehmen, mit denen der Eigent\u00fcmer zusammenarbeitet, zuzusenden, sofern der Nutzer durch Ankreuzen des entsprechenden K\u00e4stchens sein Einverst\u00e4ndnis dazu gibt.<\/li>\n<li>Zur Durchf\u00fchrung von Studien zur Analyse der Relevanz und Nutzung der Website, einschlie\u00dflich anonymisierter Informationen.<\/li>\n<li>Zur Bearbeitung von Anfragen, Beschwerden und Vorf\u00e4llen, die \u00fcber unsere Kontaktkan\u00e4le auf der Website \u00fcbermittelt werden.<\/li>\n<li>Um das Verhalten des Benutzers auf der Website zu verstehen, um m\u00f6gliche Computerangriffe zu erkennen.<\/li>\n<li>Um die gesetzlichen Verpflichtungen zu erf\u00fcllen, die direkt anwendbar sind und die T\u00e4tigkeit des Eigent\u00fcmers regeln.<\/li>\n<\/ol>\n<p><b>&nbsp;<\/b><\/p>\n<p><b>5. KOMMERZIELLE KOMMUNIKATION UND WERBUNG<\/b><\/p>\n<p>Einer der Zwecke, f\u00fcr die der Datenverwalter die von den Benutzern bereitgestellten personenbezogenen Daten verarbeitet, ist die Zusendung von elektronischen Mitteilungen mit Informationen \u00fcber Dienstleistungen, Werbeaktionen, Angebote, Veranstaltungen oder Nachrichten, die f\u00fcr die Benutzer relevant sind. Alle Mitteilungen dieser Art werden ausschlie\u00dflich an diejenigen Benutzer gerichtet, die sich nicht zuvor gegen den Erhalt dieser Mitteilungen ausgesprochen oder sie ausdr\u00fccklich genehmigt haben. <\/p>\n<p>Um die oben genannte Aufgabe zu erf\u00fcllen, kann der f\u00fcr die Datenverarbeitung Verantwortliche die erhaltenen Daten analysieren, um Nutzerprofile zu erstellen, die eine genauere Definition der Dienste erm\u00f6glichen, die f\u00fcr den Nutzer von Interesse sein k\u00f6nnten.<\/p>\n<p>F\u00fcr den Fall, dass der Nutzer keine kommerziellen oder werblichen Mitteilungen des Eigent\u00fcmers mehr erhalten m\u00f6chte, kann er die Abbestellung des Dienstes beantragen, indem er auf den daf\u00fcr vorgesehenen Link im Hauptteil der kommerziellen Mitteilungen klickt oder eine E-Mail an die folgende E-Mail-Adresse sendet: support@madridtickets.org und die Ablehnung des Erhalts dieser Mitteilungen \u00fcber das im Datenerfassungsformular vorgesehene Feld oder \u00fcber die in jeder der gesendeten kommerziellen Mitteilungen vorgesehene Abbestellungsoption angibt.<\/p>\n<p><b>6. RECHTSGRUNDLAGE UND SPEICHERUNG<\/b><\/p>\n<p>Die Verarbeitung der vom Nutzer bereitgestellten personenbezogenen Daten erfolgt auf der Grundlage der folgenden Rechtsgrundlagen, die sie legitimieren:<\/p>\n<ol>\n<li>Der freiwillige Zugriff auf die Website und das Browsen auf der Website durch die Benutzer.<\/li>\n<li>Die Verarbeitung der Daten f\u00fcr die Inanspruchnahme der auf der Website angebotenen Dienstleistungen ist f\u00fcr die Erf\u00fcllung des Vertragsverh\u00e4ltnisses zwischen dem Nutzer und dem Eigent\u00fcmer erforderlich.<\/li>\n<li>Die Anfrage von Nutzern nach Informationen oder bestimmten Inhalten oder Dienstleistungen.<\/li>\n<li>Einhaltung der gesetzlichen Verpflichtungen durch den Eigent\u00fcmer.<\/li>\n<li>Das berechtigte Interesse an der Verbesserung der Website und ihrer Sicherheit sowie an der Durchf\u00fchrung von Studien und Analysen \u00fcber den Betrieb und die Nutzung der Website.<\/li>\n<li>Im Falle der Zustimmung des Nutzers oder wenn das berechtigte Interesse des Eigent\u00fcmers vorliegt, die Zusendung von Informationen im Zusammenhang mit dem auf der Website angebotenen Dienst.<\/li>\n<\/ol>\n<p>Die Daten werden so lange gespeichert, wie sich aus den von den Nutzern angeforderten Diensten oder Inhalten gesetzliche Verpflichtungen ergeben, und anschlie\u00dfend bis zum Erl\u00f6schen der gesetzlichen oder vertraglichen Verpflichtungen, die ihre Speicherung erfordern (z. B. bis zum Erl\u00f6schen der Haftung aus den Datenschutz- oder Cybersicherheitsvorschriften). Der f\u00fcr die Datenverarbeitung Verantwortliche kann jedoch die ordnungsgem\u00e4\u00df gesperrten Daten aufbewahren, um m\u00f6glichen administrativen oder gerichtlichen Verpflichtungen nachzukommen. <\/p>\n<p><b>7. BENUTZERRECHTE<\/b><\/p>\n<p>Die Nutzer der Website k\u00f6nnen die folgenden Rechte jederzeit unter den Bedingungen der geltenden Gesetzgebung aus\u00fcben:<\/p>\n<ol>\n<li>Das Recht auf Zugang zu ihren pers\u00f6nlichen Daten, um zu erfahren, was verarbeitet wird und welche Verarbeitungen mit ihnen durchgef\u00fchrt werden.<\/li>\n<li>Das Recht auf Berichtigung unzutreffender personenbezogener Daten.<\/li>\n<li>Das Recht auf L\u00f6schung ihrer pers\u00f6nlichen Daten, sofern dies m\u00f6glich ist.<\/li>\n<li>Das Recht, die Einschr\u00e4nkung der Verarbeitung Ihrer personenbezogenen Daten zu verlangen, wenn Zweifel an der Richtigkeit, Rechtm\u00e4\u00dfigkeit oder Notwendigkeit der Verarbeitung der Daten bestehen, wobei die Daten zur Geltendmachung oder Verteidigung von Anspr\u00fcchen aufbewahrt werden k\u00f6nnen.<\/li>\n<li>Das Recht auf \u00dcbermittlung Ihrer personenbezogenen Daten, sofern die Rechtsgrundlage, die uns die Verarbeitung Ihrer personenbezogenen Daten wie in der obigen Tabelle angegeben erm\u00f6glicht, das Vertragsverh\u00e4ltnis oder die Einwilligung ist.<\/li>\n<li>Das Recht, der Verarbeitung Ihrer personenbezogenen Daten zu widersprechen, wenn die Rechtsgrundlage f\u00fcr die Verarbeitung Ihrer personenbezogenen Daten ein berechtigtes Interesse ist. F\u00fcr diese Zwecke werden wir die Verarbeitung Ihrer Daten einstellen, es sei denn, wir haben ein zwingendes berechtigtes Interesse oder f\u00fcr die Formulierung, Aus\u00fcbung oder Verteidigung von Anspr\u00fcchen. <\/li>\n<li>Das Recht, Ihre Zustimmung jederzeit zu widerrufen.<\/li>\n<\/ol>\n<p>Um diese Rechte wirksam aus\u00fcben zu k\u00f6nnen, muss der Nutzer seine Identit\u00e4t nachweisen, indem er sich schriftlich an folgende E-Mail-Adresse wendet: support@madridtickets.org. Dazu muss er seinen Vor- und Nachnamen, eine Fotokopie seines Personalausweises oder eines gleichwertigen Ausweises, der seine Identit\u00e4t belegt, sowie einen Antrag mit Angabe des Anliegens, der Anschrift zum Zwecke der Zustellung, des Datums und der Unterschrift des Antragstellers vorlegen.<\/p>\n<p>Ebenso kann der Benutzer eine Beschwerde bei der spanischen Datenschutzbeh\u00f6rde (zust\u00e4ndige Kontrollbeh\u00f6rde in dieser Angelegenheit in Spanien) einreichen, insbesondere dann, wenn keine zufriedenstellende Ma\u00dfnahme bei der Aus\u00fcbung seiner Rechte erzielt wurde, und zwar schriftlich an C\/ Jorge Juan, n\u00ba 6, 28001 &#8211; Madrid, oder \u00fcber die Website: www.agpd.es.<\/p>\n<p><b>8. COOKIES<\/b><\/p>\n<p>Der Eigent\u00fcmer verwendet Datenspeicher- und -abrufvorrichtungen (&#8222;Cookies&#8220;) nur dann, wenn der Nutzer zuvor sein Einverst\u00e4ndnis dazu gegeben hat, und zwar in \u00dcbereinstimmung mit den Angaben im Pop-up-Fenster des Browsers des Nutzers beim ersten Zugriff auf die Website und zu den anderen Bedingungen, die in der Cookie-Richtlinie des Eigent\u00fcmers angegeben sind.<\/p>\n<p><b>9. KOMMUNIKATION<\/b><\/p>\n<p>Die Daten werden nicht an Dritte weitergegeben, au\u00dfer gegebenenfalls an die zust\u00e4ndigen Beh\u00f6rden bei der Aus\u00fcbung ihrer Aufgaben. Ausnahmsweise kann die Website in \u00dcbereinstimmung mit der Cookie-Richtlinie und der Zustimmung des Nutzers Cookies von Drittunternehmen verwenden. <\/p>\n<p><b>10. SICHERHEITSMASSNAHMEN<\/b><\/p>\n<p>Der f\u00fcr die Verarbeitung Verantwortliche ergreift die erforderlichen Ma\u00dfnahmen, um die Sicherheit, Integrit\u00e4t und Vertraulichkeit der Daten gem\u00e4\u00df den Bestimmungen der Verordnung (EU) 2016\/679 des Europ\u00e4ischen Parlaments und des Rates vom 27. April 2016 zum Schutz nat\u00fcrlicher Personen bei der Verarbeitung personenbezogener Daten und zum freien Datenverkehr zu gew\u00e4hrleisten, und, sofern darin nicht vorgesehen, durch das Organgesetz 3\/2018 vom 5. Dezember \u00fcber den Schutz personenbezogener Daten und die Gew\u00e4hrleistung digitaler Rechte, das K\u00f6nigliche Dekret 1720\/2007 vom 21. Dezember zur Genehmigung der Verordnung zur Durchf\u00fchrung des Organgesetzes \u00fcber den Datenschutz und das Gesetz 34\/2002 vom 11. Juli \u00fcber die Dienste der Informationsgesellschaft und den elektronischen Handel.<\/p>\n<p>Folglich behandelt der Datenverantwortliche die Daten des Nutzers jederzeit absolut vertraulich und h\u00e4lt sie gem\u00e4\u00df den Bestimmungen der geltenden Gesetzgebung geheim, indem er zu diesem Zweck die notwendigen technischen und organisatorischen Ma\u00dfnahmen ergreift, um die Sicherheit der Daten zu gew\u00e4hrleisten und ihre Ver\u00e4nderung, ihren Verlust, ihre unbefugte Verarbeitung oder ihren Zugriff zu verhindern, wobei er den Stand der Technik, die Art der gespeicherten Daten und die Risiken, denen sie ausgesetzt sind, ber\u00fccksichtigt.<\/p>\n<p><b>11. \u00c4NDERUNGEN AN DER DATENSCHUTZRICHTLINIE<\/b><\/p>\n<p>Um sicherzustellen, dass die Datenschutzrichtlinien des f\u00fcr die Verarbeitung Verantwortlichen stets mit den jeweils geltenden gesetzlichen Bestimmungen \u00fcbereinstimmen, beh\u00e4lt sich der f\u00fcr die Verarbeitung Verantwortliche das Recht vor, diese Datenschutzrichtlinie zu \u00e4ndern, um den jeweils geltenden gesetzlichen Bestimmungen zu entsprechen.<\/p>\t\t\t\t\t\t\t\t<\/div>\n\t\t\t\t<\/div>\n\t\t\t\t\t<\/div>\n\t\t\t\t<\/div>\n\t\t\t\t<\/div>\n\t\t","protected":false},"excerpt":{"rendered":"<p>Datenschutzbestimmungen 1. IDENTIFIZIERUNG UND KONTAKTDATEN DES F\u00dcR DIE DATENVERARBEITUNG VERANTWORTLICHEN mit der Steueridentifikationsnummer , registriert in der Calle Balmes n\u00ba 32, Principal 2\u00aa, C.P. 08007, Barcelona (Spanien) und eingetragen im Companies House of (Barcelona) unter Band 47314, Seite 29 (im Folgenden der &#8222;Eigent\u00fcmer&#8220;), ist verantwortlich f\u00fcr die Verarbeitung von Daten, die infolge des Zugriffs, der [&hellip;]<\/p>\n","protected":false},"author":1,"featured_media":0,"parent":0,"menu_order":0,"comment_status":"closed","ping_status":"closed","template":"elementor_header_footer","meta":{"footnotes":""},"class_list":["post-1072","page","type-page","status-publish","hentry"],"yoast_head":"<!-- This site is optimized with the Yoast SEO plugin v26.8 - https:\/\/yoast.com\/product\/yoast-seo-wordpress\/ -->\n<title>Datenschutzerkl\u00e4rung | Prado Museum Tickets &amp; Online Dienste<\/title>\n<meta name=\"description\" content=\"Ihr Datenschutz ist wichtig. Erfahren Sie, wie wir Ihre pers\u00f6nlichen Daten sammeln, verwenden und sch\u00fctzen, wenn Sie Tickets buchen oder die Website des Prado Museums besuchen.\" \/>\n<meta name=\"robots\" content=\"index, follow, max-snippet:-1, max-image-preview:large, max-video-preview:-1\" \/>\n<link rel=\"canonical\" href=\"https:\/\/pradomuseum.madridtickets.org\/de\/datenschutzbestimmungen\/\" \/>\n<meta property=\"og:locale\" content=\"de_DE\" \/>\n<meta property=\"og:type\" content=\"article\" \/>\n<meta property=\"og:title\" content=\"Datenschutzerkl\u00e4rung | Prado Museum Tickets &amp; Online Dienste\" \/>\n<meta property=\"og:description\" content=\"Ihr Datenschutz ist wichtig. Erfahren Sie, wie wir Ihre pers\u00f6nlichen Daten sammeln, verwenden und sch\u00fctzen, wenn Sie Tickets buchen oder die Website des Prado Museums besuchen.\" \/>\n<meta property=\"og:url\" content=\"https:\/\/pradomuseum.madridtickets.org\/de\/datenschutzbestimmungen\/\" \/>\n<meta property=\"og:site_name\" content=\"Prado Museum Tickets\" \/>\n<meta property=\"article:modified_time\" content=\"2025-11-27T11:22:19+00:00\" \/>\n<meta name=\"twitter:card\" content=\"summary_large_image\" \/>\n<meta name=\"twitter:label1\" content=\"Gesch\u00e4tzte Lesezeit\" \/>\n\t<meta name=\"twitter:data1\" content=\"9\u00a0Minuten\" \/>\n<script type=\"application\/ld+json\" class=\"yoast-schema-graph\">{\"@context\":\"https:\/\/schema.org\",\"@graph\":[{\"@type\":\"WebPage\",\"@id\":\"https:\/\/pradomuseum.madridtickets.org\/de\/datenschutzbestimmungen\/\",\"url\":\"https:\/\/pradomuseum.madridtickets.org\/de\/datenschutzbestimmungen\/\",\"name\":\"Datenschutzerkl\u00e4rung | Prado Museum Tickets & Online Dienste\",\"isPartOf\":{\"@id\":\"https:\/\/pradomuseum.madridtickets.org\/de\/#website\"},\"primaryImageOfPage\":{\"@id\":\"https:\/\/pradomuseum.madridtickets.org\/de\/datenschutzbestimmungen\/#primaryimage\"},\"image\":{\"@id\":\"https:\/\/pradomuseum.madridtickets.org\/de\/datenschutzbestimmungen\/#primaryimage\"},\"thumbnailUrl\":\"http:\/\/louvremuseum.paristickets.org\/wp-content\/uploads\/2024\/01\/Itcubation-S.R.L.png\",\"datePublished\":\"2025-07-29T13:02:08+00:00\",\"dateModified\":\"2025-11-27T11:22:19+00:00\",\"description\":\"Ihr Datenschutz ist wichtig. Erfahren Sie, wie wir Ihre pers\u00f6nlichen Daten sammeln, verwenden und sch\u00fctzen, wenn Sie Tickets buchen oder die Website des Prado Museums besuchen.\",\"breadcrumb\":{\"@id\":\"https:\/\/pradomuseum.madridtickets.org\/de\/datenschutzbestimmungen\/#breadcrumb\"},\"inLanguage\":\"de\",\"potentialAction\":[{\"@type\":\"ReadAction\",\"target\":[\"https:\/\/pradomuseum.madridtickets.org\/de\/datenschutzbestimmungen\/\"]}]},{\"@type\":\"ImageObject\",\"inLanguage\":\"de\",\"@id\":\"https:\/\/pradomuseum.madridtickets.org\/de\/datenschutzbestimmungen\/#primaryimage\",\"url\":\"http:\/\/louvremuseum.paristickets.org\/wp-content\/uploads\/2024\/01\/Itcubation-S.R.L.png\",\"contentUrl\":\"http:\/\/louvremuseum.paristickets.org\/wp-content\/uploads\/2024\/01\/Itcubation-S.R.L.png\"},{\"@type\":\"BreadcrumbList\",\"@id\":\"https:\/\/pradomuseum.madridtickets.org\/de\/datenschutzbestimmungen\/#breadcrumb\",\"itemListElement\":[{\"@type\":\"ListItem\",\"position\":1,\"name\":\"Home\",\"item\":\"https:\/\/pradomuseum.madridtickets.org\/de\/\"},{\"@type\":\"ListItem\",\"position\":2,\"name\":\"Datenschutzbestimmungen\"}]},{\"@type\":\"WebSite\",\"@id\":\"https:\/\/pradomuseum.madridtickets.org\/de\/#website\",\"url\":\"https:\/\/pradomuseum.madridtickets.org\/de\/\",\"name\":\"Prado Museum Tickets\",\"description\":\"\",\"publisher\":{\"@id\":\"https:\/\/pradomuseum.madridtickets.org\/de\/#organization\"},\"potentialAction\":[{\"@type\":\"SearchAction\",\"target\":{\"@type\":\"EntryPoint\",\"urlTemplate\":\"https:\/\/pradomuseum.madridtickets.org\/de\/?s={search_term_string}\"},\"query-input\":{\"@type\":\"PropertyValueSpecification\",\"valueRequired\":true,\"valueName\":\"search_term_string\"}}],\"inLanguage\":\"de\"},{\"@type\":\"Organization\",\"@id\":\"https:\/\/pradomuseum.madridtickets.org\/de\/#organization\",\"name\":\"Prado Museum Tickets\",\"url\":\"https:\/\/pradomuseum.madridtickets.org\/de\/\",\"logo\":{\"@type\":\"ImageObject\",\"inLanguage\":\"de\",\"@id\":\"https:\/\/pradomuseum.madridtickets.org\/de\/#\/schema\/logo\/image\/\",\"url\":\"https:\/\/pradomuseum.madridtickets.org\/wp-content\/uploads\/Prado-Museum-Logo.png\",\"contentUrl\":\"https:\/\/pradomuseum.madridtickets.org\/wp-content\/uploads\/Prado-Museum-Logo.png\",\"width\":340,\"height\":64,\"caption\":\"Prado Museum Tickets\"},\"image\":{\"@id\":\"https:\/\/pradomuseum.madridtickets.org\/de\/#\/schema\/logo\/image\/\"}}]}<\/script>\n<!-- \/ Yoast SEO plugin. -->","yoast_head_json":{"title":"Datenschutzerkl\u00e4rung | Prado Museum Tickets & Online Dienste","description":"Ihr Datenschutz ist wichtig. Erfahren Sie, wie wir Ihre pers\u00f6nlichen Daten sammeln, verwenden und sch\u00fctzen, wenn Sie Tickets buchen oder die Website des Prado Museums besuchen.","robots":{"index":"index","follow":"follow","max-snippet":"max-snippet:-1","max-image-preview":"max-image-preview:large","max-video-preview":"max-video-preview:-1"},"canonical":"https:\/\/pradomuseum.madridtickets.org\/de\/datenschutzbestimmungen\/","og_locale":"de_DE","og_type":"article","og_title":"Datenschutzerkl\u00e4rung | Prado Museum Tickets & Online Dienste","og_description":"Ihr Datenschutz ist wichtig. Erfahren Sie, wie wir Ihre pers\u00f6nlichen Daten sammeln, verwenden und sch\u00fctzen, wenn Sie Tickets buchen oder die Website des Prado Museums besuchen.","og_url":"https:\/\/pradomuseum.madridtickets.org\/de\/datenschutzbestimmungen\/","og_site_name":"Prado Museum Tickets","article_modified_time":"2025-11-27T11:22:19+00:00","twitter_card":"summary_large_image","twitter_misc":{"Gesch\u00e4tzte Lesezeit":"9\u00a0Minuten"},"schema":{"@context":"https:\/\/schema.org","@graph":[{"@type":"WebPage","@id":"https:\/\/pradomuseum.madridtickets.org\/de\/datenschutzbestimmungen\/","url":"https:\/\/pradomuseum.madridtickets.org\/de\/datenschutzbestimmungen\/","name":"Datenschutzerkl\u00e4rung | Prado Museum Tickets & Online Dienste","isPartOf":{"@id":"https:\/\/pradomuseum.madridtickets.org\/de\/#website"},"primaryImageOfPage":{"@id":"https:\/\/pradomuseum.madridtickets.org\/de\/datenschutzbestimmungen\/#primaryimage"},"image":{"@id":"https:\/\/pradomuseum.madridtickets.org\/de\/datenschutzbestimmungen\/#primaryimage"},"thumbnailUrl":"http:\/\/louvremuseum.paristickets.org\/wp-content\/uploads\/2024\/01\/Itcubation-S.R.L.png","datePublished":"2025-07-29T13:02:08+00:00","dateModified":"2025-11-27T11:22:19+00:00","description":"Ihr Datenschutz ist wichtig. Erfahren Sie, wie wir Ihre pers\u00f6nlichen Daten sammeln, verwenden und sch\u00fctzen, wenn Sie Tickets buchen oder die Website des Prado Museums besuchen.","breadcrumb":{"@id":"https:\/\/pradomuseum.madridtickets.org\/de\/datenschutzbestimmungen\/#breadcrumb"},"inLanguage":"de","potentialAction":[{"@type":"ReadAction","target":["https:\/\/pradomuseum.madridtickets.org\/de\/datenschutzbestimmungen\/"]}]},{"@type":"ImageObject","inLanguage":"de","@id":"https:\/\/pradomuseum.madridtickets.org\/de\/datenschutzbestimmungen\/#primaryimage","url":"http:\/\/louvremuseum.paristickets.org\/wp-content\/uploads\/2024\/01\/Itcubation-S.R.L.png","contentUrl":"http:\/\/louvremuseum.paristickets.org\/wp-content\/uploads\/2024\/01\/Itcubation-S.R.L.png"},{"@type":"BreadcrumbList","@id":"https:\/\/pradomuseum.madridtickets.org\/de\/datenschutzbestimmungen\/#breadcrumb","itemListElement":[{"@type":"ListItem","position":1,"name":"Home","item":"https:\/\/pradomuseum.madridtickets.org\/de\/"},{"@type":"ListItem","position":2,"name":"Datenschutzbestimmungen"}]},{"@type":"WebSite","@id":"https:\/\/pradomuseum.madridtickets.org\/de\/#website","url":"https:\/\/pradomuseum.madridtickets.org\/de\/","name":"Prado Museum Tickets","description":"","publisher":{"@id":"https:\/\/pradomuseum.madridtickets.org\/de\/#organization"},"potentialAction":[{"@type":"SearchAction","target":{"@type":"EntryPoint","urlTemplate":"https:\/\/pradomuseum.madridtickets.org\/de\/?s={search_term_string}"},"query-input":{"@type":"PropertyValueSpecification","valueRequired":true,"valueName":"search_term_string"}}],"inLanguage":"de"},{"@type":"Organization","@id":"https:\/\/pradomuseum.madridtickets.org\/de\/#organization","name":"Prado Museum Tickets","url":"https:\/\/pradomuseum.madridtickets.org\/de\/","logo":{"@type":"ImageObject","inLanguage":"de","@id":"https:\/\/pradomuseum.madridtickets.org\/de\/#\/schema\/logo\/image\/","url":"https:\/\/pradomuseum.madridtickets.org\/wp-content\/uploads\/Prado-Museum-Logo.png","contentUrl":"https:\/\/pradomuseum.madridtickets.org\/wp-content\/uploads\/Prado-Museum-Logo.png","width":340,"height":64,"caption":"Prado Museum Tickets"},"image":{"@id":"https:\/\/pradomuseum.madridtickets.org\/de\/#\/schema\/logo\/image\/"}}]}},"_links":{"self":[{"href":"https:\/\/pradomuseum.madridtickets.org\/de\/wp-json\/wp\/v2\/pages\/1072","targetHints":{"allow":["GET"]}}],"collection":[{"href":"https:\/\/pradomuseum.madridtickets.org\/de\/wp-json\/wp\/v2\/pages"}],"about":[{"href":"https:\/\/pradomuseum.madridtickets.org\/de\/wp-json\/wp\/v2\/types\/page"}],"author":[{"embeddable":true,"href":"https:\/\/pradomuseum.madridtickets.org\/de\/wp-json\/wp\/v2\/users\/1"}],"replies":[{"embeddable":true,"href":"https:\/\/pradomuseum.madridtickets.org\/de\/wp-json\/wp\/v2\/comments?post=1072"}],"version-history":[{"count":2,"href":"https:\/\/pradomuseum.madridtickets.org\/de\/wp-json\/wp\/v2\/pages\/1072\/revisions"}],"predecessor-version":[{"id":1646,"href":"https:\/\/pradomuseum.madridtickets.org\/de\/wp-json\/wp\/v2\/pages\/1072\/revisions\/1646"}],"wp:attachment":[{"href":"https:\/\/pradomuseum.madridtickets.org\/de\/wp-json\/wp\/v2\/media?parent=1072"}],"curies":[{"name":"wp","href":"https:\/\/api.w.org\/{rel}","templated":true}]}}