{"id":1039,"date":"2025-07-29T13:00:42","date_gmt":"2025-07-29T13:00:42","guid":{"rendered":"https:\/\/pradomuseum.madridtickets.org\/cookies-richtlinie\/"},"modified":"2025-11-27T11:22:06","modified_gmt":"2025-11-27T11:22:06","slug":"cookies-richtlinie","status":"publish","type":"page","link":"https:\/\/pradomuseum.madridtickets.org\/de\/cookies-richtlinie\/","title":{"rendered":"Cookies-Richtlinie"},"content":{"rendered":"\t\t<div data-elementor-type=\"wp-page\" data-elementor-id=\"1039\" class=\"elementor elementor-1039 elementor-997\">\n\t\t\t\t<div class=\"elementor-element elementor-element-5e63bc1f e-flex e-con-boxed e-con e-parent\" data-id=\"5e63bc1f\" data-element_type=\"container\">\n\t\t\t\t\t<div class=\"e-con-inner\">\n\t\t\t\t<div class=\"elementor-element elementor-element-7de68324 elementor-widget elementor-widget-heading\" data-id=\"7de68324\" data-element_type=\"widget\" data-widget_type=\"heading.default\">\n\t\t\t\t<div class=\"elementor-widget-container\">\n\t\t\t\t\t<h2 class=\"elementor-heading-title elementor-size-default\">Cookies-Richtlinie\n<\/h2>\t\t\t\t<\/div>\n\t\t\t\t<\/div>\n\t\t\t\t\t<\/div>\n\t\t\t\t<\/div>\n\t\t<div class=\"elementor-element elementor-element-15bc9fd4 e-flex e-con-boxed e-con e-parent\" data-id=\"15bc9fd4\" data-element_type=\"container\">\n\t\t\t\t\t<div class=\"e-con-inner\">\n\t\t\t\t<div class=\"elementor-element elementor-element-642f0f34 elementor-widget elementor-widget-text-editor\" data-id=\"642f0f34\" data-element_type=\"widget\" data-widget_type=\"text-editor.default\">\n\t\t\t\t<div class=\"elementor-widget-container\">\n\t\t\t\t\t\t\t\t\t<p><b>1. IDENTIFIZIERUNG UND KONTAKTANGABEN DES F\u00dcR DIE VERARBEITUNG VERANTWORTLICHEN<\/b><\/p>\n<p><img decoding=\"async\" src=\"http:\/\/louvremuseum.paristickets.org\/wp-content\/uploads\/2024\/01\/Itcubation-S.R.L.png\" alt=\"\" width=\"254\" height=\"16\">, ID-Nummer <img decoding=\"async\" src=\"http:\/\/louvremuseum.paristickets.org\/wp-content\/uploads\/2024\/01\/NIF-TMS.jpg\" alt=\"\" width=\"111\" height=\"16\">, mit Sitz in der Calle Balmes n\u00ba 32, Principal 2\u00aa, C.P. 08007 Barcelona (Spanien) und eingetragen im Companies House of (Barcelona) unter Band 47314, Seite 29 (im Folgenden der &#8222;Datenverantwortliche&#8220;), ist verantwortlich f\u00fcr die Verarbeitung von Daten, die infolge des Zugriffs, der Nutzung und des Surfens von Benutzern von www.pradomuseum.madridtickets.org (im Folgenden der &#8222;Benutzer&#8220; oder &#8222;Benutzer&#8220; und die &#8222;Website&#8220; bzw. das &#8222;Web&#8220;), und verwendet Cookies zur \u00dcberwachung der Surfgewohnheiten der Benutzer auf diesem Web, wie in dieser Cookie-Richtlinie (im Folgenden die &#8222;Cookie-Richtlinie&#8220;) angegeben.<\/p>\n<p><b>2. KONZEPT<\/b><\/p>\n<p>Ein Cookie ist eine Datei, die auf die Hardware des Benutzers heruntergeladen wird, wenn dieser auf bestimmte Webseiten zugreift, um Informationen \u00fcber das Surfen auf seinem Ger\u00e4t zu speichern und abzurufen. Die durch Cookies gesammelten Informationen erm\u00f6glichen es uns, Informationen \u00fcber die Surfgewohnheiten der Nutzer zu erhalten. <\/p>\n<p><b>3. ARTEN VON COOKIES UND DATENVERARBEITUNG DURCH COOKIES<\/b><\/p>\n<p>Diese Website erlaubt nur die Verwendung von Cookies des Tools Google Analytics von Google, Inc. (im Folgenden &#8222;Google&#8220;), einem in Delaware, 1600 Amphitheatre Parkway, Mountain View (Kalifornien), CA 94043, USA, eingetragenen Unternehmen, das somit der f\u00fcr die personenbezogenen Daten verantwortliche Dritte ist.<\/p>\n<p>In diesem Zusammenhang erfasst Google Analytics die Interaktionen der Nutzer auf der Website (Zeitpunkt des Besuchs, ob der Nutzer schon einmal auf der Website war, welche Website dem Nutzer den Besuch der betreffenden Website empfohlen hat, IP-Adresse usw.).) und stellt dem f\u00fcr die Verarbeitung Verantwortlichen keine Informationen \u00fcber die tats\u00e4chliche IP-Adresse des Nutzers zur Verf\u00fcgung, sondern lediglich statistische Informationen \u00fcber Besuche (einzelne Besucher, Anzahl der aufgerufenen Seiten, Seite\/Ansicht, durchschnittliche Besuchsdauer, Absprungrate, % neuer Besuche, neue und wiederkehrende Besucher, H\u00e4ufigkeit und letzte Besuche, Interaktionen, besuchte Seiten), Demografie (Sprache, Land\/Gebiet, Stadt), System (Browser, Betriebssystem, Internetzugangsanbieter, Ger\u00e4tekategorie), Quelle\/Medium usw.<\/p>\n<p><b>4. ZWECK DER COOKIES<\/b><\/p>\n<p>Der Zweck ist, dass der f\u00fcr die Datenverarbeitung Verantwortliche etwas \u00fcber die Surfgewohnheiten der Nutzer der Website erf\u00e4hrt und verschiedene Berichte einsehen kann, die beschreiben, wie die Nutzer, die die Website besuchen, interagieren, um sie zu verbessern. Anhand dieser Informationen kann der f\u00fcr die Datenverarbeitung Verantwortliche das Surfverhalten der Nutzer der Website analysieren, und Google Analytics berichtet auch \u00fcber die Trends der Website, ohne die Nutzer zu identifizieren. <\/p>\n<p>Andererseits kann der Nutzer die allgemeinen Gesch\u00e4ftsbedingungen von Google unter www.google.com\/analytics\/tos.html und die Datenschutzbestimmungen unter www.google.com\/intl\/es\/policies\/privacy einsehen.<\/p>\n<p>Der f\u00fcr die Datenverarbeitung Verantwortliche kann jedoch den Inhalt und den Wahrheitsgehalt der in dieser Cookie-Richtlinie genannten Gesch\u00e4ftsbedingungen und Datenschutzrichtlinien von Google nicht kontrollieren und ist nicht daf\u00fcr verantwortlich.<\/p>\n<p><b>5. DEAKTIVIEREN VON COOKIES<\/b><\/p>\n<p>Website-Besucher k\u00f6nnen die erteilte Zustimmung \u00fcber die Schaltfl\u00e4che oben in dieser Cookie-Richtlinie jederzeit widerrufen.<\/p>\n<p>Alternativ k\u00f6nnen Sie Google Analytics-Cookies auch \u00fcber die folgenden Systeme deaktivieren:<\/p>\n<ol>\n<li>Das Deaktivierungssystem f\u00fcr Google Analytics ist \u00fcber den folgenden Link zug\u00e4nglich: https:\/\/tools.google.com\/dlpage\/gaoptout?hl=es<\/li>\n<li>Browsereinstellungen; zum Beispiel:<br>2.1 Chrome, von support.google.com\/chrome\/answer\/95647?hl=de<br>2.2 Explorer, von support.microsoft.com\/de-us\/help\/17442\/windows-internetexplorer-delete-manage-cookies<br>2.3 Firefox, von support.mozilla.org\/kb\/kb\/de\/enable-and-disable-cookies-websites-tracking-preferences<br>2.4 Safari, von support.apple.com\/de\/de\/guide\/safari\/sfri11471\/mac<\/li>\n<\/ol>\n<p>Die Deaktivierung von Google Analytics-Cookies wird Sie nicht daran hindern, diese Website zu nutzen. Wenn Sie \u00fcber Ihren Browser alle Cookies von dieser Website l\u00f6schen, l\u00f6schen Sie auch die Einstellungen, die Sie f\u00fcr unsere Cookies gew\u00e4hlt haben. In jedem Fall m\u00fcssen Sie auf die aktuellste Version des jeweiligen Browsers zugreifen. Sollten Sie einen anderen als den oben genannten Internetbrowser verwenden, empfehlen wir Ihnen, die verschiedenen Optionen zur Cookie-Verwaltung zu konsultieren, die in diesem Browser zu einem bestimmten Zeitpunkt verf\u00fcgbar sind.  <\/p>\n<p><b>6. \u00c4NDERUNGEN AN DER COOKIE-RICHTLINIE<\/b><\/p>\n<p>Um sicherzustellen, dass die Cookie-Richtlinien des f\u00fcr die Verarbeitung Verantwortlichen stets mit den jeweils geltenden gesetzlichen Bestimmungen \u00fcbereinstimmen, beh\u00e4lt sich der f\u00fcr die Verarbeitung Verantwortliche das Recht vor, diese Cookie-Richtlinie zu \u00e4ndern, um<\/p>\n<p><b>7. INTERNATIONALE DATENKOMMUNIKATION UND -\u00dcBERMITTLUNG<\/b><\/p>\n<p>Die Cookies von Drittanbietern, die auf der Website verwendet werden, geh\u00f6ren Google, das seinen Sitz in den Vereinigten Staaten hat und sich au\u00dferhalb des Europ\u00e4ischen Wirtschaftsraums befindet. Google ist ein Unterzeichner des EU-US Privacy Shield Framework. <\/p>\n<p>Die Daten werden nicht an Dritte weitergegeben, es sei denn, dies ist in den vorgenannten Datenschutzbestimmungen von Google vorgesehen.<\/p>\n<p><b>8. DATENSCHUTZPOLITIK<\/b><\/p>\n<p>Bitte lesen Sie unsere Datenschutzrichtlinie f\u00fcr weitere Informationen \u00fcber die Verarbeitung personenbezogener Daten.<\/p>\n<p><b>9. RECHTE DES BENUTZERS<\/b><\/p>\n<p>Der Nutzer kann die Rechte auf Auskunft, Berichtigung, L\u00f6schung, Widerspruch, Einschr\u00e4nkung der Verarbeitung und ggf. \u00dcbertragbarkeit aus\u00fcben sowie seine Zustimmung zu der Verarbeitung, f\u00fcr die der Datenverantwortliche verantwortlich ist, widerrufen. Zur wirksamen Aus\u00fcbung dieser Rechte muss der Nutzer den Antrag schriftlich an die folgende E-Mail-Adresse richten: support@madridtickets.org, und seine Identit\u00e4t nachweisen, indem er seinen Vor- und Nachnamen, eine Fotokopie seines Personalausweises oder eines gleichwertigen Ausweises zum Nachweis seiner Identit\u00e4t, einen Antrag mit Angabe des Antrags, der Anschrift zum Zwecke der Zustellung sowie Datum und Unterschrift des Antragstellers angibt. <\/p>\n<p>F\u00fcr die Aus\u00fcbung von Rechten gegen\u00fcber Google sollten Sie sich auf die oben genannten Bestimmungen der Datenschutzrichtlinie beziehen.<\/p>\n<p>Ebenso kann der Benutzer eine Beschwerde bei der spanischen Datenschutzbeh\u00f6rde (zust\u00e4ndige Kontrollbeh\u00f6rde in dieser Angelegenheit in Spanien) einreichen, insbesondere wenn die Aus\u00fcbung seiner Rechte nicht zufriedenstellend war, und zwar schriftlich an die Adresse C\/ Jorge Juan, n\u00ba 6, 28001 &#8211; Madrid, oder \u00fcber die Website: www.agpd.es.<\/p>\t\t\t\t\t\t\t\t<\/div>\n\t\t\t\t<\/div>\n\t\t\t\t\t<\/div>\n\t\t\t\t<\/div>\n\t\t\t\t<\/div>\n\t\t","protected":false},"excerpt":{"rendered":"<p>Cookies-Richtlinie 1. IDENTIFIZIERUNG UND KONTAKTANGABEN DES F\u00dcR DIE VERARBEITUNG VERANTWORTLICHEN , ID-Nummer , mit Sitz in der Calle Balmes n\u00ba 32, Principal 2\u00aa, C.P. 08007 Barcelona (Spanien) und eingetragen im Companies House of (Barcelona) unter Band 47314, Seite 29 (im Folgenden der &#8222;Datenverantwortliche&#8220;), ist verantwortlich f\u00fcr die Verarbeitung von Daten, die infolge des Zugriffs, der [&hellip;]<\/p>\n","protected":false},"author":1,"featured_media":0,"parent":0,"menu_order":0,"comment_status":"closed","ping_status":"closed","template":"elementor_header_footer","meta":{"footnotes":""},"class_list":["post-1039","page","type-page","status-publish","hentry"],"yoast_head":"<!-- This site is optimized with the Yoast SEO plugin v26.8 - https:\/\/yoast.com\/product\/yoast-seo-wordpress\/ -->\n<title>Cookies-Richtlinie | Prado Museum Ticketing Website<\/title>\n<meta name=\"description\" content=\"Erfahren Sie, wie wir Cookies verwenden, um Ihre Erfahrung auf der Website des Prado Museums zu verbessern. Lesen Sie unsere Richtlinien zur Datennutzung, zu Pr\u00e4ferenzen und zu Diensten Dritter.\" \/>\n<meta name=\"robots\" content=\"index, follow, max-snippet:-1, max-image-preview:large, max-video-preview:-1\" \/>\n<link rel=\"canonical\" href=\"https:\/\/pradomuseum.madridtickets.org\/de\/cookies-richtlinie\/\" \/>\n<meta property=\"og:locale\" content=\"de_DE\" \/>\n<meta property=\"og:type\" content=\"article\" \/>\n<meta property=\"og:title\" content=\"Cookies-Richtlinie | Prado Museum Ticketing Website\" \/>\n<meta property=\"og:description\" content=\"Erfahren Sie, wie wir Cookies verwenden, um Ihre Erfahrung auf der Website des Prado Museums zu verbessern. Lesen Sie unsere Richtlinien zur Datennutzung, zu Pr\u00e4ferenzen und zu Diensten Dritter.\" \/>\n<meta property=\"og:url\" content=\"https:\/\/pradomuseum.madridtickets.org\/de\/cookies-richtlinie\/\" \/>\n<meta property=\"og:site_name\" content=\"Prado Museum Tickets\" \/>\n<meta property=\"article:modified_time\" content=\"2025-11-27T11:22:06+00:00\" \/>\n<meta property=\"og:image\" content=\"http:\/\/louvremuseum.paristickets.org\/wp-content\/uploads\/2024\/01\/Itcubation-S.R.L.png\" \/>\n<meta name=\"twitter:card\" content=\"summary_large_image\" \/>\n<meta name=\"twitter:label1\" content=\"Gesch\u00e4tzte Lesezeit\" \/>\n\t<meta name=\"twitter:data1\" content=\"4\u00a0Minuten\" \/>\n<script type=\"application\/ld+json\" class=\"yoast-schema-graph\">{\"@context\":\"https:\/\/schema.org\",\"@graph\":[{\"@type\":\"WebPage\",\"@id\":\"https:\/\/pradomuseum.madridtickets.org\/de\/cookies-richtlinie\/\",\"url\":\"https:\/\/pradomuseum.madridtickets.org\/de\/cookies-richtlinie\/\",\"name\":\"Cookies-Richtlinie | Prado Museum Ticketing Website\",\"isPartOf\":{\"@id\":\"https:\/\/pradomuseum.madridtickets.org\/de\/#website\"},\"primaryImageOfPage\":{\"@id\":\"https:\/\/pradomuseum.madridtickets.org\/de\/cookies-richtlinie\/#primaryimage\"},\"image\":{\"@id\":\"https:\/\/pradomuseum.madridtickets.org\/de\/cookies-richtlinie\/#primaryimage\"},\"thumbnailUrl\":\"http:\/\/louvremuseum.paristickets.org\/wp-content\/uploads\/2024\/01\/Itcubation-S.R.L.png\",\"datePublished\":\"2025-07-29T13:00:42+00:00\",\"dateModified\":\"2025-11-27T11:22:06+00:00\",\"description\":\"Erfahren Sie, wie wir Cookies verwenden, um Ihre Erfahrung auf der Website des Prado Museums zu verbessern. Lesen Sie unsere Richtlinien zur Datennutzung, zu Pr\u00e4ferenzen und zu Diensten Dritter.\",\"breadcrumb\":{\"@id\":\"https:\/\/pradomuseum.madridtickets.org\/de\/cookies-richtlinie\/#breadcrumb\"},\"inLanguage\":\"de\",\"potentialAction\":[{\"@type\":\"ReadAction\",\"target\":[\"https:\/\/pradomuseum.madridtickets.org\/de\/cookies-richtlinie\/\"]}]},{\"@type\":\"ImageObject\",\"inLanguage\":\"de\",\"@id\":\"https:\/\/pradomuseum.madridtickets.org\/de\/cookies-richtlinie\/#primaryimage\",\"url\":\"http:\/\/louvremuseum.paristickets.org\/wp-content\/uploads\/2024\/01\/Itcubation-S.R.L.png\",\"contentUrl\":\"http:\/\/louvremuseum.paristickets.org\/wp-content\/uploads\/2024\/01\/Itcubation-S.R.L.png\"},{\"@type\":\"BreadcrumbList\",\"@id\":\"https:\/\/pradomuseum.madridtickets.org\/de\/cookies-richtlinie\/#breadcrumb\",\"itemListElement\":[{\"@type\":\"ListItem\",\"position\":1,\"name\":\"Home\",\"item\":\"https:\/\/pradomuseum.madridtickets.org\/de\/\"},{\"@type\":\"ListItem\",\"position\":2,\"name\":\"Cookies-Richtlinie\"}]},{\"@type\":\"WebSite\",\"@id\":\"https:\/\/pradomuseum.madridtickets.org\/de\/#website\",\"url\":\"https:\/\/pradomuseum.madridtickets.org\/de\/\",\"name\":\"Prado Museum Tickets\",\"description\":\"\",\"publisher\":{\"@id\":\"https:\/\/pradomuseum.madridtickets.org\/de\/#organization\"},\"potentialAction\":[{\"@type\":\"SearchAction\",\"target\":{\"@type\":\"EntryPoint\",\"urlTemplate\":\"https:\/\/pradomuseum.madridtickets.org\/de\/?s={search_term_string}\"},\"query-input\":{\"@type\":\"PropertyValueSpecification\",\"valueRequired\":true,\"valueName\":\"search_term_string\"}}],\"inLanguage\":\"de\"},{\"@type\":\"Organization\",\"@id\":\"https:\/\/pradomuseum.madridtickets.org\/de\/#organization\",\"name\":\"Prado Museum Tickets\",\"url\":\"https:\/\/pradomuseum.madridtickets.org\/de\/\",\"logo\":{\"@type\":\"ImageObject\",\"inLanguage\":\"de\",\"@id\":\"https:\/\/pradomuseum.madridtickets.org\/de\/#\/schema\/logo\/image\/\",\"url\":\"https:\/\/pradomuseum.madridtickets.org\/wp-content\/uploads\/Prado-Museum-Logo.png\",\"contentUrl\":\"https:\/\/pradomuseum.madridtickets.org\/wp-content\/uploads\/Prado-Museum-Logo.png\",\"width\":340,\"height\":64,\"caption\":\"Prado Museum Tickets\"},\"image\":{\"@id\":\"https:\/\/pradomuseum.madridtickets.org\/de\/#\/schema\/logo\/image\/\"}}]}<\/script>\n<!-- \/ Yoast SEO plugin. -->","yoast_head_json":{"title":"Cookies-Richtlinie | Prado Museum Ticketing Website","description":"Erfahren Sie, wie wir Cookies verwenden, um Ihre Erfahrung auf der Website des Prado Museums zu verbessern. Lesen Sie unsere Richtlinien zur Datennutzung, zu Pr\u00e4ferenzen und zu Diensten Dritter.","robots":{"index":"index","follow":"follow","max-snippet":"max-snippet:-1","max-image-preview":"max-image-preview:large","max-video-preview":"max-video-preview:-1"},"canonical":"https:\/\/pradomuseum.madridtickets.org\/de\/cookies-richtlinie\/","og_locale":"de_DE","og_type":"article","og_title":"Cookies-Richtlinie | Prado Museum Ticketing Website","og_description":"Erfahren Sie, wie wir Cookies verwenden, um Ihre Erfahrung auf der Website des Prado Museums zu verbessern. Lesen Sie unsere Richtlinien zur Datennutzung, zu Pr\u00e4ferenzen und zu Diensten Dritter.","og_url":"https:\/\/pradomuseum.madridtickets.org\/de\/cookies-richtlinie\/","og_site_name":"Prado Museum Tickets","article_modified_time":"2025-11-27T11:22:06+00:00","og_image":[{"url":"http:\/\/louvremuseum.paristickets.org\/wp-content\/uploads\/2024\/01\/Itcubation-S.R.L.png","type":"","width":"","height":""}],"twitter_card":"summary_large_image","twitter_misc":{"Gesch\u00e4tzte Lesezeit":"4\u00a0Minuten"},"schema":{"@context":"https:\/\/schema.org","@graph":[{"@type":"WebPage","@id":"https:\/\/pradomuseum.madridtickets.org\/de\/cookies-richtlinie\/","url":"https:\/\/pradomuseum.madridtickets.org\/de\/cookies-richtlinie\/","name":"Cookies-Richtlinie | Prado Museum Ticketing Website","isPartOf":{"@id":"https:\/\/pradomuseum.madridtickets.org\/de\/#website"},"primaryImageOfPage":{"@id":"https:\/\/pradomuseum.madridtickets.org\/de\/cookies-richtlinie\/#primaryimage"},"image":{"@id":"https:\/\/pradomuseum.madridtickets.org\/de\/cookies-richtlinie\/#primaryimage"},"thumbnailUrl":"http:\/\/louvremuseum.paristickets.org\/wp-content\/uploads\/2024\/01\/Itcubation-S.R.L.png","datePublished":"2025-07-29T13:00:42+00:00","dateModified":"2025-11-27T11:22:06+00:00","description":"Erfahren Sie, wie wir Cookies verwenden, um Ihre Erfahrung auf der Website des Prado Museums zu verbessern. Lesen Sie unsere Richtlinien zur Datennutzung, zu Pr\u00e4ferenzen und zu Diensten Dritter.","breadcrumb":{"@id":"https:\/\/pradomuseum.madridtickets.org\/de\/cookies-richtlinie\/#breadcrumb"},"inLanguage":"de","potentialAction":[{"@type":"ReadAction","target":["https:\/\/pradomuseum.madridtickets.org\/de\/cookies-richtlinie\/"]}]},{"@type":"ImageObject","inLanguage":"de","@id":"https:\/\/pradomuseum.madridtickets.org\/de\/cookies-richtlinie\/#primaryimage","url":"http:\/\/louvremuseum.paristickets.org\/wp-content\/uploads\/2024\/01\/Itcubation-S.R.L.png","contentUrl":"http:\/\/louvremuseum.paristickets.org\/wp-content\/uploads\/2024\/01\/Itcubation-S.R.L.png"},{"@type":"BreadcrumbList","@id":"https:\/\/pradomuseum.madridtickets.org\/de\/cookies-richtlinie\/#breadcrumb","itemListElement":[{"@type":"ListItem","position":1,"name":"Home","item":"https:\/\/pradomuseum.madridtickets.org\/de\/"},{"@type":"ListItem","position":2,"name":"Cookies-Richtlinie"}]},{"@type":"WebSite","@id":"https:\/\/pradomuseum.madridtickets.org\/de\/#website","url":"https:\/\/pradomuseum.madridtickets.org\/de\/","name":"Prado Museum Tickets","description":"","publisher":{"@id":"https:\/\/pradomuseum.madridtickets.org\/de\/#organization"},"potentialAction":[{"@type":"SearchAction","target":{"@type":"EntryPoint","urlTemplate":"https:\/\/pradomuseum.madridtickets.org\/de\/?s={search_term_string}"},"query-input":{"@type":"PropertyValueSpecification","valueRequired":true,"valueName":"search_term_string"}}],"inLanguage":"de"},{"@type":"Organization","@id":"https:\/\/pradomuseum.madridtickets.org\/de\/#organization","name":"Prado Museum Tickets","url":"https:\/\/pradomuseum.madridtickets.org\/de\/","logo":{"@type":"ImageObject","inLanguage":"de","@id":"https:\/\/pradomuseum.madridtickets.org\/de\/#\/schema\/logo\/image\/","url":"https:\/\/pradomuseum.madridtickets.org\/wp-content\/uploads\/Prado-Museum-Logo.png","contentUrl":"https:\/\/pradomuseum.madridtickets.org\/wp-content\/uploads\/Prado-Museum-Logo.png","width":340,"height":64,"caption":"Prado Museum Tickets"},"image":{"@id":"https:\/\/pradomuseum.madridtickets.org\/de\/#\/schema\/logo\/image\/"}}]}},"_links":{"self":[{"href":"https:\/\/pradomuseum.madridtickets.org\/de\/wp-json\/wp\/v2\/pages\/1039","targetHints":{"allow":["GET"]}}],"collection":[{"href":"https:\/\/pradomuseum.madridtickets.org\/de\/wp-json\/wp\/v2\/pages"}],"about":[{"href":"https:\/\/pradomuseum.madridtickets.org\/de\/wp-json\/wp\/v2\/types\/page"}],"author":[{"embeddable":true,"href":"https:\/\/pradomuseum.madridtickets.org\/de\/wp-json\/wp\/v2\/users\/1"}],"replies":[{"embeddable":true,"href":"https:\/\/pradomuseum.madridtickets.org\/de\/wp-json\/wp\/v2\/comments?post=1039"}],"version-history":[{"count":3,"href":"https:\/\/pradomuseum.madridtickets.org\/de\/wp-json\/wp\/v2\/pages\/1039\/revisions"}],"predecessor-version":[{"id":1644,"href":"https:\/\/pradomuseum.madridtickets.org\/de\/wp-json\/wp\/v2\/pages\/1039\/revisions\/1644"}],"wp:attachment":[{"href":"https:\/\/pradomuseum.madridtickets.org\/de\/wp-json\/wp\/v2\/media?parent=1039"}],"curies":[{"name":"wp","href":"https:\/\/api.w.org\/{rel}","templated":true}]}}